{"id":607,"date":"2024-06-24T22:15:06","date_gmt":"2024-06-24T22:15:06","guid":{"rendered":"https:\/\/mrporkfactory.com\/?page_id=607"},"modified":"2025-09-13T23:17:14","modified_gmt":"2025-09-13T23:17:14","slug":"refund_returns","status":"publish","type":"page","link":"https:\/\/mrporkfactory.com\/pt\/refund_returns\/","title":{"rendered":"POL\u00cdTICA DE REEMBOLSO E DEVOLU\u00c7\u00d5ES"},"content":{"rendered":"<p>Thank you so much for purchasing from Mr. Pork Factory and Mr. Pork Grill.\u00a0 We strive to ensure every single customer of ours gets an experience they intend to rave about with their friends and family.\u00a0 Part of that commitment is working with you, the customer, to make sure you get the products you ordered, arriving in perfect condition on the dates you requested.\u00a0 In the event that we fall short in one link of that chain, please contact us at your earliest convenience at contato@mrporkfactory.com within 30 days of receiving your order.<\/p>\n<p>Como o envio de nossos produtos \u00e9, por natureza, sens\u00edvel ao tempo, n\u00e3o aceitamos devolu\u00e7\u00f5es para o nosso centro de distribui\u00e7\u00e3o. Se voc\u00ea recebeu um produto que n\u00e3o atendeu ao compromisso da Mr. Pork Factory e da Mr. Pork Grill, nossos representantes de atendimento ao cliente trabalhar\u00e3o com voc\u00ea para encontrar uma solu\u00e7\u00e3o justa. Isso pode exigir fotos do produto defeituoso para nossos registros internos e exig\u00eancias de seguro, mas iniciaremos o processo de revis\u00e3o e\/ou reembolso assim que voc\u00ea entrar em contato conosco.<\/p>\n<p>Em m\u00e9dia, nossos representantes conseguem responder dentro de 24 horas, com uma resolu\u00e7\u00e3o completa alcan\u00e7ada em at\u00e9 uma semana, mas garantimos que o processo n\u00e3o levar\u00e1 mais do que duas semanas. As op\u00e7\u00f5es de resolu\u00e7\u00e3o incluem, mas n\u00e3o se limitam a, um envio de substitui\u00e7\u00e3o, cr\u00e9dito na loja para ser usado em novos produtos ou reembolso da compra original.<\/p>","protected":false},"excerpt":{"rendered":"<p>Thank you so much for purchasing from Mr. Pork Factory and Mr. Pork Grill.\u00a0 We strive to ensure every single customer of ours gets an experience they intend to rave about with their friends and family.\u00a0 Part of that commitment is working with you, the customer, to make sure you get the products you ordered, [&hellip;]<\/p>","protected":false},"author":1,"featured_media":0,"parent":0,"menu_order":0,"comment_status":"closed","ping_status":"closed","template":"","meta":{"footnotes":""},"class_list":["post-607","page","type-page","status-publish","hentry"],"blocksy_meta":[],"jetpack_sharing_enabled":true,"_links":{"self":[{"href":"https:\/\/mrporkfactory.com\/pt\/wp-json\/wp\/v2\/pages\/607","targetHints":{"allow":["GET"]}}],"collection":[{"href":"https:\/\/mrporkfactory.com\/pt\/wp-json\/wp\/v2\/pages"}],"about":[{"href":"https:\/\/mrporkfactory.com\/pt\/wp-json\/wp\/v2\/types\/page"}],"author":[{"embeddable":true,"href":"https:\/\/mrporkfactory.com\/pt\/wp-json\/wp\/v2\/users\/1"}],"replies":[{"embeddable":true,"href":"https:\/\/mrporkfactory.com\/pt\/wp-json\/wp\/v2\/comments?post=607"}],"version-history":[{"count":1,"href":"https:\/\/mrporkfactory.com\/pt\/wp-json\/wp\/v2\/pages\/607\/revisions"}],"predecessor-version":[{"id":2408,"href":"https:\/\/mrporkfactory.com\/pt\/wp-json\/wp\/v2\/pages\/607\/revisions\/2408"}],"wp:attachment":[{"href":"https:\/\/mrporkfactory.com\/pt\/wp-json\/wp\/v2\/media?parent=607"}],"curies":[{"name":"wp","href":"https:\/\/api.w.org\/{rel}","templated":true}]}}