{"id":512,"date":"2022-07-05T11:40:47","date_gmt":"2022-07-05T11:40:47","guid":{"rendered":"https:\/\/startersites.io\/blocksy\/catering\/?page_id=3"},"modified":"2025-09-03T22:54:06","modified_gmt":"2025-09-03T22:54:06","slug":"privacy-policy","status":"publish","type":"page","link":"https:\/\/mrporkfactory.com\/pt\/privacy-policy\/","title":{"rendered":"Pol\u00edtica de Privacidade"},"content":{"rendered":"<div class=\"hero-section\" data-type=\"type-1\">\n<header class=\"entry-header\">\n<p class=\"page-title\" title=\"Pol\u00edtica de Privacidade\"><strong style=\"font-size: revert; background-color: transparent; color: var(--theme-text-color); font-family: var(--theme-font-family); font-style: var(--theme-font-style, inherit); letter-spacing: var(--theme-letter-spacing); text-transform: var(--theme-text-transform);\">CONCORD\u00c2NCIA COM A POL\u00cdTICA:<\/strong><\/p>\n<\/header>\n<\/div>\n<div class=\"entry-content\">\n<p>Voc\u00ea deve estar ciente de que, ao enviar qualquer tipo de dado pessoal para o nosso site, voc\u00ea indica sua aceita\u00e7\u00e3o aos termos acima. Em caso de d\u00favidas ou preocupa\u00e7\u00f5es, voc\u00ea sempre pode entrar em contato conosco para obter mais assist\u00eancia.<\/p>\n<p><strong>POL\u00cdTICA DE PRIVACIDADE<\/strong><\/p>\n<p>Esta Pol\u00edtica de Privacidade foi criada para informar voc\u00ea, o usu\u00e1rio, sobre a coleta, uso e divulga\u00e7\u00e3o de informa\u00e7\u00f5es neste site, https:\/\/mrporkfactory.com.<\/p>\n<p>Esta pol\u00edtica \u00e9 complementar aos Termos de Uso e Condi\u00e7\u00f5es que regem o site e deve ser lida em conjunto com esses Termos de Uso e Condi\u00e7\u00f5es.<\/p>\n<p>Voc\u00ea reconhece que este site coleta e processa \u201cinforma\u00e7\u00f5es pessoais\u201d (ou seja, informa\u00e7\u00f5es pelas quais podemos contat\u00e1-lo) ou \u201cinforma\u00e7\u00f5es demogr\u00e1ficas e de uso\u201d (ou seja, informa\u00e7\u00f5es que voc\u00ea envia, ou que coletamos, que n\u00e3o s\u00e3o informa\u00e7\u00f5es pessoais, mas s\u00e3o necess\u00e1rias para o funcionamento adequado e faturamento do nosso servi\u00e7o). Podemos compartilhar suas informa\u00e7\u00f5es pessoais com seu provedor de servi\u00e7os de telefonia m\u00f3vel para garantir a cobran\u00e7a de taxas. Al\u00e9m disso, podemos compartilhar suas informa\u00e7\u00f5es com \u00f3rg\u00e3os governamentais, incluindo, mas n\u00e3o se limitando a tribunais e escrit\u00f3rios de promotores de justi\u00e7a, para procedimentos legais e preven\u00e7\u00e3o de crimes.<\/p>\n<p><strong>Collection of Personal Information<\/strong><\/p>\n<p>Levamos a sua privacidade eletr\u00f4nica a s\u00e9rio. Embora sejamos os \u00fanicos propriet\u00e1rios das informa\u00e7\u00f5es que coletamos no site, n\u00e3o compartilharemos nenhuma de suas informa\u00e7\u00f5es com terceiros sem seu consentimento expl\u00edcito, a menos que sejamos obrigados por lei ou tenhamos a boa-f\u00e9 de acreditar que tal a\u00e7\u00e3o seja necess\u00e1ria para cumprir as exig\u00eancias legais, cooperar com autoridades policiais ou outros \u00f3rg\u00e3os governamentais, ou cumprir um processo legal emitido ao site ou ordens judiciais. Podemos compartilhar suas informa\u00e7\u00f5es pessoais com seu provedor de servi\u00e7os de telefonia m\u00f3vel para garantir a cobran\u00e7a de taxas.<\/p>\n<p><strong>H\u00c1 TR\u00caS TIPOS DE INFORMA\u00c7\u00d5ES QUE ESTE SITE COLETA SOBRE VOC\u00ca<\/strong><\/p>\n<p><strong>Informa\u00e7\u00f5es Agregadas:<\/strong><\/p>\n<p>Informa\u00e7\u00f5es Agregadas s\u00e3o dados an\u00f4nimos que os sites usam para analisar tend\u00eancias, administrar o site, diagnosticar problemas nos sites e nas redes de comunica\u00e7\u00e3o, rastrear o movimento dos usu\u00e1rios, coletar informa\u00e7\u00f5es demogr\u00e1ficas amplas para uso agregado e ajudar a melhorar a qualidade das p\u00e1ginas da web. Pode incluir seu nome de dom\u00ednio, seu endere\u00e7o IP ou o provedor da rede de telefonia m\u00f3vel. Nenhuma dessas informa\u00e7\u00f5es est\u00e1 vinculada a Informa\u00e7\u00f5es Pessoais Identific\u00e1veis.<\/p>\n<p><strong>Informa\u00e7\u00f5es Pessoalmente Identific\u00e1veis:<\/strong><\/p>\n<p>Informa\u00e7\u00f5es Pessoalmente Identific\u00e1veis s\u00e3o quaisquer informa\u00e7\u00f5es que identifiquem voc\u00ea pessoalmente. Quando voc\u00ea faz um pedido ou envia uma consulta em nosso site, o site coleta seus dados de contato. Essas informa\u00e7\u00f5es s\u00e3o obrigat\u00f3rias para que possamos registrar o progresso e o status do seu pedido ou consulta; informa\u00e7\u00f5es adicionais ser\u00e3o necess\u00e1rias para participar do clube de membros do site. Como membro do site, voc\u00ea receber\u00e1 promo\u00e7\u00f5es conforme elas estiverem dispon\u00edveis. Tamb\u00e9m registramos outras informa\u00e7\u00f5es, incluindo respostas a promo\u00e7\u00f5es. Sempre que uma p\u00e1gina \u00e9 solicitada ao nosso servidor web, registramos a hora, a data e a URL da solicita\u00e7\u00e3o, juntamente com informa\u00e7\u00f5es sobre o software do navegador que est\u00e1 sendo usado. Essas informa\u00e7\u00f5es s\u00e3o coletadas para fornecer pesquisas valiosas que nos ajudam a entender melhor as prefer\u00eancias de nossos membros e nos permitem direcionar melhor nossas comunica\u00e7\u00f5es, incluindo promo\u00e7\u00f5es.<\/p>\n<p><strong>Uso e Divulga\u00e7\u00e3o:<\/strong><\/p>\n<p>Podemos compartilhar Informa\u00e7\u00f5es Agregadas com nossos parceiros e anunciantes. N\u00e3o compartilharemos suas Informa\u00e7\u00f5es Pessoalmente Identific\u00e1veis com terceiros, a menos que tenhamos obtido seu consentimento expresso para faz\u00ea-lo. Uma op\u00e7\u00e3o de \"opt-out\" estar\u00e1 sempre dispon\u00edvel em todas as comunica\u00e7\u00f5es.<\/p>\n<p>Nosso uso de suas Informa\u00e7\u00f5es Pessoalmente Identific\u00e1veis pode incluir:<\/p>\n<p>Para notific\u00e1-lo sobre promo\u00e7\u00f5es futuras;<\/p>\n<p>Para identific\u00e1-lo caso voc\u00ea esteja inscrito no Mr. Pork Grill e no Mr. Pork Factory.<\/p>\n<p>N\u00e3o divulgaremos nenhuma Informa\u00e7\u00e3o Pessoalmente Identific\u00e1vel sobre voc\u00ea sem seu consentimento expresso, a menos que acreditamos que seja necess\u00e1rio:<\/p>\n<p><strong>QUANDO EXIGIDO POR LEI<\/strong><\/p>\n<p>Para fornecer a voc\u00ea os servi\u00e7os que voc\u00ea solicitou;<\/p>\n<p>Administrar e gerenciar esses servi\u00e7os, incluindo cobran\u00e7a, faturamento e recupera\u00e7\u00e3o de d\u00edvidas;<\/p>\n<p>Para implementar nossos termos de servi\u00e7o;<\/p>\n<p>Para proteger nossos direitos ou propriedade, ou os de qualquer usu\u00e1rio do site, ou de qualquer membro do p\u00fablico;<\/p>\n<p>Para reduzir uma amea\u00e7a grave \u00e0 sa\u00fade ou seguran\u00e7a de uma pessoa;<\/p>\n<p>Atualiza\u00e7\u00f5es dos Servi\u00e7os do Site;<\/p>\n<p>Para os fins acima mencionados, podemos divulgar suas informa\u00e7\u00f5es pessoais para organiza\u00e7\u00f5es fora do Site. Quando apropriado, essas divulga\u00e7\u00f5es est\u00e3o sujeitas a prote\u00e7\u00f5es de privacidade e confidencialidade. As organiza\u00e7\u00f5es \u00e0s quais divulgamos informa\u00e7\u00f5es incluem:<\/p>\n<p><strong>FORNECEDORES DE SERVI\u00c7OS TERCEIRIZADOS QUE GERENCIAM OS SERVI\u00c7OS QUE OFERECEMOS A VOC\u00ca, INCLUINDO:<\/strong><\/p>\n<p>sistemas de envio de correspond\u00eancia;<\/p>\n<p>fun\u00e7\u00f5es de faturamento e recupera\u00e7\u00e3o de d\u00edvidas;<\/p>\n<p>servi\u00e7os de tecnologia da informa\u00e7\u00e3o;<\/p>\n<p>seus representantes (por exemplo, seus representantes autorizados ou assessores jur\u00eddicos);<\/p>\n<p>ag\u00eancias de an\u00e1lise de cr\u00e9dito e verifica\u00e7\u00e3o de fraude;<\/p>\n<p>fornecedores de cr\u00e9dito para fins relacionados ao cr\u00e9dito, como solv\u00eancia, classifica\u00e7\u00e3o de cr\u00e9dito, concess\u00e3o de cr\u00e9dito e financiamento;<\/p>\n<p>nossos consultores profissionais, incluindo nossos contadores, auditores e advogados;<\/p>\n<p>autoridades governamentais e regulat\u00f3rias e outras organiza\u00e7\u00f5es, conforme exigido ou autorizado por lei;<\/p>\n<p>Outros provedores de servi\u00e7os de telecomunica\u00e7\u00f5es e de informa\u00e7\u00e3o; e nossas empresas relacionadas.<\/p>\n<p><strong>COOKIES<\/strong><\/p>\n<p>Um cookie \u00e9 um peda\u00e7o de dado armazenado em seu disco r\u00edgido contendo informa\u00e7\u00f5es sobre voc\u00ea. O uso de cookies em sites \u00e9 um padr\u00e3o comum na ind\u00fastria. Os cookies atuam como identificadores \u00fanicos, usados para diferenciar diferentes membros. Eles nos permitem rastrear e direcionar seus interesses para aprimorar sua experi\u00eancia em nosso site. Depois que voc\u00ea sai do navegador, o cookie simplesmente \u00e9 encerrado. Observe que, mesmo ap\u00f3s encerrarmos um cookie, vest\u00edgios desse cookie podem permanecer em seu computador. Esses vest\u00edgios normalmente est\u00e3o inativos.<\/p>\n<p>Nossos parceiros comerciais podem usar cookies no site (por exemplo, anunciantes). No entanto, n\u00e3o temos acesso nem controle sobre esses cookies ou qualquer informa\u00e7\u00e3o coletada por esses parceiros comerciais.<\/p>\n<p>Podemos usar cookies quando realizamos enquetes, pesquisas e concursos para limitar m\u00faltiplas respostas e registros.<\/p>\n<p>Nunca usaremos cookies para recuperar informa\u00e7\u00f5es do seu computador que n\u00e3o tenham sido originalmente enviadas por n\u00f3s a voc\u00ea em um cookie.<\/p>\n<p>Como a maioria dos navegadores aceita cookies automaticamente, voc\u00ea pode modificar seu navegador para recusar cookies ou para alert\u00e1-lo quando cookies estiverem sendo enviados. Ao modificar seu navegador, \u00e9 poss\u00edvel que algumas partes do site, como enquetes, pesquisas, concursos e \u00e1reas de jogos, n\u00e3o funcionem em sua capacidade total.<\/p>\n<p><strong>QUALIDADE DOS DADOS E SEGURAN\u00c7A DAS INFORMA\u00c7\u00d5ES PESSOAIS<\/strong><\/p>\n<p>Tomamos precau\u00e7\u00f5es razo\u00e1veis para proteger sua seguran\u00e7a. Utilizamos tecnologia de criptografia para garantir que as informa\u00e7\u00f5es estejam protegidas ao serem enviadas pela Internet. Infelizmente, sempre existe um risco ao enviar informa\u00e7\u00f5es por qualquer canal, incluindo a Internet, e voc\u00ea o faz inteiramente por sua pr\u00f3pria conta e risco.<\/p>\n<p>Funcion\u00e1rios e contratados autorizados ter\u00e3o acesso limitado \u00e0s suas informa\u00e7\u00f5es pessoais, somente quando necess\u00e1rio para que possam desempenhar suas fun\u00e7\u00f5es relacionadas. O Site e nossas ag\u00eancias e empresas associadas s\u00e3o obrigados a respeitar a confidencialidade de quaisquer informa\u00e7\u00f5es pessoais que possu\u00edmos.<\/p>\n<p><strong>LINKS PARA SITES DE TERCEIROS<\/strong><\/p>\n<p>Este Site pode conter links para outros sites, pelos quais n\u00e3o podemos ser responsabilizados quanto \u00e0s pr\u00e1ticas de privacidade. Incentivamos nossos usu\u00e1rios a ficarem atentos ao sair do nosso site e a lerem as declara\u00e7\u00f5es de privacidade de cada site que coleta Informa\u00e7\u00f5es Pessoais Identific\u00e1veis. Esta declara\u00e7\u00e3o de privacidade se aplica exclusivamente \u00e0s informa\u00e7\u00f5es coletadas por este Site.<\/p>\n<p><strong>AVISO DE ALTERA\u00c7\u00d5ES NA POL\u00cdTICA DE PRIVACIDADE<\/strong><\/p>\n<p>Quaisquer altera\u00e7\u00f5es nesta Pol\u00edtica de Privacidade ser\u00e3o publicadas no Site para que nossos usu\u00e1rios estejam sempre cientes das informa\u00e7\u00f5es que coletamos, como as utilizamos e sob quais circunst\u00e2ncias, se houver, as divulgamos.<\/p>\n<\/div>","protected":false},"excerpt":{"rendered":"<p>AGREEMENT TO THE POLICY: You should be aware that by submitting any kind of personal details to our website, you indicate your acceptance to the terms given above. In case of any queries or concerns you are always free to contact us for further assistance. PRIVACY\u00a0POLICY This Privacy Policy has been created in order to [&hellip;]<\/p>","protected":false},"author":1,"featured_media":0,"parent":0,"menu_order":0,"comment_status":"closed","ping_status":"closed","template":"","meta":{"footnotes":""},"class_list":["post-512","page","type-page","status-publish","hentry"],"blocksy_meta":[],"jetpack_sharing_enabled":true,"_links":{"self":[{"href":"https:\/\/mrporkfactory.com\/pt\/wp-json\/wp\/v2\/pages\/512","targetHints":{"allow":["GET"]}}],"collection":[{"href":"https:\/\/mrporkfactory.com\/pt\/wp-json\/wp\/v2\/pages"}],"about":[{"href":"https:\/\/mrporkfactory.com\/pt\/wp-json\/wp\/v2\/types\/page"}],"author":[{"embeddable":true,"href":"https:\/\/mrporkfactory.com\/pt\/wp-json\/wp\/v2\/users\/1"}],"replies":[{"embeddable":true,"href":"https:\/\/mrporkfactory.com\/pt\/wp-json\/wp\/v2\/comments?post=512"}],"version-history":[{"count":0,"href":"https:\/\/mrporkfactory.com\/pt\/wp-json\/wp\/v2\/pages\/512\/revisions"}],"wp:attachment":[{"href":"https:\/\/mrporkfactory.com\/pt\/wp-json\/wp\/v2\/media?parent=512"}],"curies":[{"name":"wp","href":"https:\/\/api.w.org\/{rel}","templated":true}]}}