{"id":3,"date":"2024-06-19T01:24:06","date_gmt":"2024-06-19T01:24:06","guid":{"rendered":"http:\/\/box2137\/cgi\/addon_GT.cgi?s=GT::WP::Install::Cpanel+%28xarmixco%29+-+127.0.0.1+%5Bnocaller%5D\/?page_id=3"},"modified":"2024-06-28T23:42:19","modified_gmt":"2024-06-28T23:42:19","slug":"terms-conditions","status":"publish","type":"page","link":"https:\/\/mrporkfactory.com\/pt\/terms-conditions\/","title":{"rendered":"Termos e Condi\u00e7\u00f5es"},"content":{"rendered":"<div class=\"hero-section\" data-type=\"type-1\">\n<header class=\"entry-header\">\n<p class=\"page-title\" title=\"Termos e Condi\u00e7\u00f5es\"><strong style=\"font-size: revert; background-color: transparent; color: var(--theme-text-color); font-family: var(--theme-font-family); font-style: var(--theme-font-style, inherit); letter-spacing: var(--theme-letter-spacing); text-transform: var(--theme-text-transform);\">Termos de Uso<\/strong><\/p>\n<\/header>\n<\/div>\n<div class=\"entry-content\">\n<p>Por favor, leia estes termos de uso com aten\u00e7\u00e3o antes de come\u00e7ar a usar o site. Ao utilizar nosso site, voc\u00ea indica que aceita estes termos de uso e que concorda em cumpri-los. Se voc\u00ea n\u00e3o concorda com estes termos de uso, por favor, evite utilizar nosso site.<\/p>\n<p><strong>CONFIAN\u00c7A NAS INFORMA\u00c7\u00d5ES PUBLICADAS E ISEN\u00c7\u00c3O DE RESPONSABILIDADE<\/strong><\/p>\n<p>Os materiais contidos em nosso site s\u00e3o fornecidos apenas para fins de informa\u00e7\u00e3o geral e n\u00e3o se destinam a ser, nem constituem, aconselhamento jur\u00eddico ou profissional, e n\u00e3o devem ser utilizados como tal.<\/p>\n<p>N\u00e3o assumimos qualquer responsabilidade por qualquer perda que possa surgir do acesso ou da confian\u00e7a nas informa\u00e7\u00f5es deste site. E, na m\u00e1xima extens\u00e3o permitida por lei, exclu\u00edmos toda responsabilidade por perdas ou danos diretos ou indiretos decorrentes do uso deste site.<\/p>\n<p><strong>ACESSO AO NOSSO SITE<\/strong><\/p>\n<p>O acesso ao nosso site \u00e9 permitido de forma tempor\u00e1ria, e reservamos o direito de retirar ou alterar o servi\u00e7o que fornecemos em nosso site sem aviso pr\u00e9vio (veja abaixo). N\u00e3o nos responsabilizamos se, por qualquer motivo, nosso site estiver indispon\u00edvel a qualquer momento ou por qualquer per\u00edodo.<\/p>\n<p><strong>DIREITOS DE PROPRIEDADE INTELECTUAL<\/strong><\/p>\n<p>Somos os propriet\u00e1rios ou licenciados de todos os direitos de propriedade intelectual em nosso site e nos materiais publicados nele. Essas obras s\u00e3o protegidas por leis de direitos autorais e tratados em todo o mundo. Todos esses direitos s\u00e3o reservados.<\/p>\n<p>Voc\u00ea pode imprimir uma c\u00f3pia e baixar trechos de qualquer p\u00e1gina do nosso site para sua refer\u00eancia pessoal, e pode chamar a aten\u00e7\u00e3o de outras pessoas dentro de sua organiza\u00e7\u00e3o para o material publicado em nosso site.<\/p>\n<p>Voc\u00ea n\u00e3o deve modificar os materiais que imprimiu ou baixou de nenhuma forma, e n\u00e3o deve usar quaisquer ilustra\u00e7\u00f5es, fotografias, sequ\u00eancias de v\u00eddeo ou \u00e1udio, ou quaisquer gr\u00e1ficos separadamente do texto acompanhante.<\/p>\n<p>Nosso status (e o de quaisquer colaboradores identificados) como autores do material em nosso site deve ser sempre reconhecido.<\/p>\n<p>Voc\u00ea n\u00e3o deve usar qualquer parte dos materiais em nosso site para fins comerciais sem obter uma licen\u00e7a para isso de n\u00f3s ou de nossos licenciadores.<br \/>\nSe voc\u00ea imprimir, copiar ou baixar qualquer parte do nosso site em viola\u00e7\u00e3o a estes termos de uso, seu direito de usar nosso site cessar\u00e1 imediatamente e voc\u00ea dever\u00e1, a nosso crit\u00e9rio, devolver ou destruir quaisquer c\u00f3pias dos materiais que tenha feito.<\/p>\n<p>Se voc\u00ea acredita que seus direitos de propriedade intelectual foram violados pelo conte\u00fado do nosso site, por favor, entre em contato conosco por e-mail ou escrevendo para o endere\u00e7o abaixo.<\/p>\n<p><strong><br \/>\nNOSSO SITE \u00c9 ATUALIZADO REGULARMENTE<\/strong><\/p>\n<p>Atualizamos nosso site regularmente e podemos alterar o conte\u00fado a qualquer momento. \u00c9 nosso direito suspender o acesso ao nosso site ou encerr\u00e1-lo indefinidamente. Se algum material em nosso site estiver desatualizado, n\u00e3o temos nenhuma obriga\u00e7\u00e3o de atualizar esse material.<\/p>\n<p><strong><br \/>\nINFORMA\u00c7\u00d5ES SOBRE VOC\u00ca E SUAS VISITAS AO NOSSO SITE<\/strong><\/p>\n<p>Processamos informa\u00e7\u00f5es sobre voc\u00ea de acordo com nossa pol\u00edtica de privacidade. Ao usar nosso site, voc\u00ea consente com esse processamento e garante que todos os dados fornecidos por voc\u00ea s\u00e3o precisos.<\/p>\n<p><strong>V\u00cdRUS, HACKERS E OUTRAS INFRA\u00c7\u00d5ES<\/strong><\/p>\n<p>Voc\u00ea n\u00e3o deve, conscientemente, introduzir v\u00edrus, trojans, worms, bombas l\u00f3gicas ou outro material que seja malicioso ou tecnologicamente prejudicial. Voc\u00ea n\u00e3o deve tentar obter acesso n\u00e3o autorizado ao nosso site, ao servidor onde nosso site est\u00e1 armazenado ou a qualquer servidor, computador ou banco de dados conectado ao nosso site. Voc\u00ea n\u00e3o deve atacar nosso site por meio de um ataque de nega\u00e7\u00e3o de servi\u00e7o ou um ataque distribu\u00eddo de nega\u00e7\u00e3o de servi\u00e7o.<\/p>\n<p>Ao violar esta disposi\u00e7\u00e3o, voc\u00ea estar\u00e1 cometendo uma infra\u00e7\u00e3o criminal de acordo com a Lei de Uso Indevido de Computadores de 1990. Reportaremos qualquer viola\u00e7\u00e3o \u00e0s autoridades competentes e cooperaremos com essas autoridades, revelando sua identidade a elas. No caso de tal viola\u00e7\u00e3o, seu direito de usar nosso site cessar\u00e1 imediatamente.<\/p>\n<p>N\u00e3o nos responsabilizamos por qualquer perda ou dano causado por um ataque distribu\u00eddo de nega\u00e7\u00e3o de servi\u00e7o, v\u00edrus ou outro material tecnologicamente prejudicial que possa infectar seu equipamento de computador, programas de computador, dados ou outro material propriet\u00e1rio devido ao seu uso de nosso site ou ao download de qualquer material nele publicado, ou em qualquer site vinculado a ele.<\/p>\n<p><strong>LINKS DO NOSSO SITE<\/strong><\/p>\n<p>Quando nosso site cont\u00e9m links para outros sites e recursos fornecidos por terceiros, esses links s\u00e3o fornecidos apenas para sua informa\u00e7\u00e3o. N\u00e3o temos controle sobre o conte\u00fado desses sites ou recursos e n\u00e3o assumimos qualquer responsabilidade por eles ou por qualquer perda ou dano que possa resultar do seu uso. Ao acessar um site por meio do nosso website, recomendamos que voc\u00ea verifique os termos de uso e as pol\u00edticas de privacidade desses sites para garantir conformidade e determinar como eles podem usar suas informa\u00e7\u00f5es.<\/p>\n<p><strong>POL\u00cdTICA DE PRIVACIDADE<\/strong><\/p>\n<p>Nossa Pol\u00edtica de Privacidade faz parte destes termos e condi\u00e7\u00f5es de uso e est\u00e1 sujeita a eles.<\/p>\n<p><strong>REVIS\u00d5ES<\/strong><\/p>\n<p>Podemos revisar estes termos de uso a qualquer momento, alterando esta p\u00e1gina. Espera-se que voc\u00ea verifique esta p\u00e1gina de tempos em tempos e observe quaisquer mudan\u00e7as, pois elas s\u00e3o vinculativas para voc\u00ea. Algumas das disposi\u00e7\u00f5es contidas nestes termos de uso tamb\u00e9m podem ser substitu\u00eddas por disposi\u00e7\u00f5es ou avisos publicados em outros lugares do nosso site.<\/p>\n<\/div>","protected":false},"excerpt":{"rendered":"<p>TERMS OF USE Please read these terms of use carefully before you start to use the site. By using our site, you indicate that you accept these terms of use and that you agree to abide by them. If you do not agree to these terms of use, please refrain from using our site. RELIANCE [&hellip;]<\/p>","protected":false},"author":1,"featured_media":0,"parent":0,"menu_order":0,"comment_status":"closed","ping_status":"closed","template":"","meta":{"footnotes":""},"class_list":["post-3","page","type-page","status-publish","hentry"],"blocksy_meta":{"vertical_spacing_source":"custom","content_area_spacing":"both","styles_descriptor":{"styles":{"desktop":"","tablet":"","mobile":""},"google_fonts":[],"version":6},"has_hero_section":"default"},"jetpack_sharing_enabled":true,"_links":{"self":[{"href":"https:\/\/mrporkfactory.com\/pt\/wp-json\/wp\/v2\/pages\/3","targetHints":{"allow":["GET"]}}],"collection":[{"href":"https:\/\/mrporkfactory.com\/pt\/wp-json\/wp\/v2\/pages"}],"about":[{"href":"https:\/\/mrporkfactory.com\/pt\/wp-json\/wp\/v2\/types\/page"}],"author":[{"embeddable":true,"href":"https:\/\/mrporkfactory.com\/pt\/wp-json\/wp\/v2\/users\/1"}],"replies":[{"embeddable":true,"href":"https:\/\/mrporkfactory.com\/pt\/wp-json\/wp\/v2\/comments?post=3"}],"version-history":[{"count":0,"href":"https:\/\/mrporkfactory.com\/pt\/wp-json\/wp\/v2\/pages\/3\/revisions"}],"wp:attachment":[{"href":"https:\/\/mrporkfactory.com\/pt\/wp-json\/wp\/v2\/media?parent=3"}],"curies":[{"name":"wp","href":"https:\/\/api.w.org\/{rel}","templated":true}]}}