{"id":2244,"date":"2025-09-08T19:47:46","date_gmt":"2025-09-08T19:47:46","guid":{"rendered":"https:\/\/mrporkfactory.com\/?page_id=2244"},"modified":"2025-09-13T21:04:18","modified_gmt":"2025-09-13T21:04:18","slug":"the-factory","status":"publish","type":"page","link":"https:\/\/mrporkfactory.com\/pt\/the-factory\/","title":{"rendered":"A F\u00e1brica"},"content":{"rendered":"<div class=\"wp-block-stackable-heading stk-block-heading stk-block-heading--v2 stk-block stk-e64be73\" id=\"mr-pork-factory-br-usda-approved-nationwide-sausage-wholesaler\" data-block-id=\"e64be73\"><h2 class=\"stk-block-heading__text has-text-align-center\">F\u00e1brica Mr. Pork<br>Aprovado pelo USDA, Atacadista de Lingui\u00e7as em Todo o Pa\u00eds<\/h2><\/div>\n\n\n\n<div class=\"wp-block-stackable-columns stk-block-columns stk-block stk-5d5e972\" data-block-id=\"5d5e972\"><div class=\"stk-row stk-inner-blocks stk-block-content stk-content-align stk-5d5e972-column\">\n<div class=\"wp-block-stackable-column stk-block-column stk-column stk-block stk-b25e300\" data-v=\"4\" data-block-id=\"b25e300\"><div class=\"stk-column-wrapper stk-block-column__content stk-container stk-b25e300-container stk--no-background stk--no-padding\"><div class=\"stk-block-content stk-inner-blocks stk-b25e300-inner-blocks\">\n<p data-start=\"166\" data-end=\"473\">Na <strong data-start=\"169\" data-end=\"189\">F\u00e1brica Mr. Pork<\/strong>, qualidade, seguran\u00e7a e tradi\u00e7\u00e3o se unem para criar lingui\u00e7as que se destacam em sabor e excel\u00eancia. Como um(a) <strong data-start=\"301\" data-end=\"327\">Instala\u00e7\u00e3o aprovada pelo USDA<\/strong>, seguimos os mais altos padr\u00f5es de seguran\u00e7a e manuseio de alimentos, garantindo que cada produto atenda aos rigorosos requisitos regulamentares do in\u00edcio ao fim.<\/p>\n<p data-start=\"475\" data-end=\"953\">Com d\u00e9cadas de experi\u00eancia na ind\u00fastria aliment\u00edcia, nossa f\u00e1brica \u00e9 mais do que apenas um espa\u00e7o de produ\u00e7\u00e3o \u00e9 o cora\u00e7\u00e3o do nosso neg\u00f3cio familiar. \u00c9 aqui que receitas tradicionais se encontram com a tecnologia moderna, permitindo-nos produzir lingui\u00e7as consistentes e saborosas em uma variedade de estilos para satisfazer todos os paladares. Desde a nossa <strong data-start=\"782\" data-end=\"810\">Lingui\u00e7a Tradicional de Porco<\/strong> out nossa <strong data-start=\"818\" data-end=\"832\">Cordeiro Picante<\/strong> e <strong data-start=\"837\" data-end=\"857\">Lingui\u00e7a de Frango<\/strong>, cada produto \u00e9 cuidadosamente elaborado com cortes de carne premium e uma mistura de especiarias aperfei\u00e7oada.<\/p>\n<p data-start=\"955\" data-end=\"1284\">Com <strong data-start=\"960\" data-end=\"985\">atacadista em todo o pa\u00eds<\/strong>, temos orgulho em atender restaurantes, empresas de catering, varejistas e distribuidores em todos os Estados Unidos. Seja fornecendo pedidos em grande quantidade ou personalizando sabores para atender \u00e0s necessidades dos clientes, a F\u00e1brica Mr. Pork oferece n\u00e3o apenas produtos de alta qualidade, mas tamb\u00e9m um servi\u00e7o confi\u00e1vel em que as empresas podem confiar.<\/p>\n<p data-start=\"1286\" data-end=\"1469\">Nosso compromisso vai al\u00e9m do sabor, priorizamos <strong data-start=\"1334\" data-end=\"1388\">a seguran\u00e7a alimentar, a efici\u00eancia e a satisfa\u00e7\u00e3o do cliente<\/strong>, tornando-nos um parceiro confi\u00e1vel para o fornecimento de lingui\u00e7as no atacado de costa a costa.<\/p>\n<\/div><\/div><\/div>\n\n\n\n<div class=\"wp-block-stackable-column stk-block-column stk-column stk-block stk-a962841\" data-v=\"4\" data-block-id=\"a962841\"><div class=\"stk-column-wrapper stk-block-column__content stk-container stk-a962841-container stk--no-background stk--no-padding\"><div class=\"stk-block-content stk-inner-blocks stk-a962841-inner-blocks\"><style>#jtg-2248 .modula-item .jtg-social a, .lightbox-socials.jtg-social a{ fill: #ffffff; color: #ffffff }#jtg-2248 .modula-item .jtg-social-expandable a, #jtg-2248 .modula-item .jtg-social-expandable-icons a{ fill: #ffffff; color: #ffffff }#jtg-2248 .modula-item .jtg-social svg, .lightbox-socials.jtg-social svg { height: 16px; width: 16px }#jtg-2248 .modula-item .jtg-social-expandable svg { height: 16px; width: 16px }#jtg-2248 .modula-item .jtg-social-expandable-icons svg { height: 16px; width: 16px }#jtg-2248 .modula-item .jtg-social a:not(:last-child), .lightbox-socials.jtg-social a:not(:last-child) { margin-right: 10px }#jtg-2248 .modula-item .jtg-social-expandable-icons { gap: 10px }#jtg-2248 .modula-item .no-socials{ display:none; }#jtg-2248 .modula-item .figc {color:#ffffff;}#jtg-2248 .modula-item .figc .jtg-title {  font-size: 24px; }#jtg-2248 .modula-item .modula-item-content { transform: scale(1); }#jtg-2248 { width:100%;}#jtg-2248 .modula-items .figc p.description { font-size:16px; }#jtg-2248 .modula-items .figc p.description { color:#ffffff;}#jtg-2248 .modula-items .figc .jtg-title { color:#ffffff; }#jtg-2248.modula-gallery .modula-item > a, #jtg-2248.modula-gallery .modula-item, #jtg-2248.modula-gallery .modula-item-content > a:not(.modula-no-follow) { cursor:zoom-in; } #jtg-2248.modula-gallery .modula-item-content .modula-no-follow { cursor: default; } #jtg-2248.modula-gallery .modula-item, #jtg-2248.modula-gallery .modula-grid-sizer { width: calc(50% - 5px) ; } @media (min-width: 768px) and (max-width:992px) { html body #jtg-2248.modula-gallery .modula-item, html body  #jtg-2248.modula-gallery .modula-grid-sizer {width: calc(50% - 5px ) ; } }@media (max-width: 768px) { html body #jtg-2248.modula-gallery .modula-item, html body  #jtg-2248.modula-gallery .modula-grid-sizer {width: calc(50% - 5px ) ; } }#jtg-2248 .modula-items{position:relative;}@media screen and (max-width:480px){#jtg-2248 .modula-item .figc .jtg-title {  font-size: 12px; }#jtg-2248 .modula-items .figc p.description { color:#ffffff;font-size:10px; }}<\/style>\n<div  id=\"jtg-2248\" class=\"modula modula-gallery modula-columns\" data-config=\"{&quot;tabletHeight&quot;:800,&quot;mobileHeight&quot;:800,&quot;desktopHeight&quot;:800,&quot;enableTwitter&quot;:false,&quot;enableWhatsapp&quot;:false,&quot;enableFacebook&quot;:false,&quot;enablePinterest&quot;:false,&quot;enableLinkedin&quot;:false,&quot;enableEmail&quot;:false,&quot;randomFactor&quot;:0.5,&quot;type&quot;:&quot;grid&quot;,&quot;columns&quot;:12,&quot;gutter&quot;:10,&quot;mobileGutter&quot;:10,&quot;tabletGutter&quot;:10,&quot;desktopGutter&quot;:10,&quot;enableResponsive&quot;:&quot;0&quot;,&quot;tabletColumns&quot;:2,&quot;mobileColumns&quot;:1,&quot;lazyLoad&quot;:0,&quot;lightboxOpts&quot;:{&quot;animated&quot;:true,&quot;Thumbs&quot;:{&quot;type&quot;:&quot;modern&quot;,&quot;showOnStart&quot;:false},&quot;Toolbar&quot;:{&quot;display&quot;:{&quot;right&quot;:[&quot;close&quot;]},&quot;enabled&quot;:true},&quot;Carousel&quot;:{&quot;Panzoom&quot;:{&quot;touch&quot;:false},&quot;infinite&quot;:false},&quot;keyboard&quot;:{&quot;Escape&quot;:&quot;close&quot;,&quot;Delete&quot;:&quot;close&quot;,&quot;Backspace&quot;:&quot;close&quot;,&quot;PageUp&quot;:false,&quot;PageDown&quot;:false,&quot;ArrowUp&quot;:false,&quot;ArrowDown&quot;:false,&quot;ArrowRight&quot;:false,&quot;ArrowLeft&quot;:false},&quot;touch&quot;:false,&quot;backdropClick&quot;:false,&quot;l10n&quot;:{&quot;CLOSE&quot;:&quot;Fechar&quot;,&quot;NEXT&quot;:&quot;Pr\\u00f3ximo&quot;,&quot;PREV&quot;:&quot;Anterior&quot;,&quot;Error&quot;:&quot;N\\u00e3o foi poss\\u00edvel carregar o conte\\u00fado solicitado. Tente novamente mais tarde.&quot;,&quot;PLAY_START&quot;:&quot;Iniciar apresenta\\u00e7\\u00e3o de slides&quot;,&quot;PLAY_STOP&quot;:&quot;Pausar apresenta\\u00e7\\u00e3o de slides&quot;,&quot;FULL_SCREEN&quot;:&quot;Tela cheia&quot;,&quot;THUMBS&quot;:&quot;Miniaturas&quot;,&quot;DOWNLOAD&quot;:&quot;Baixar&quot;,&quot;SHARE&quot;:&quot;Compartilhar&quot;,&quot;ZOOM&quot;:&quot;Ampliar&quot;,&quot;EMAIL&quot;:&quot;Aqui est\\u00e1 o link para a imagem: %%image_link%% e este \\u00e9 o link para a galeria: %%gallery_link%%&quot;,&quot;MODAL&quot;:&quot;Voc\\u00ea pode dispensar este conte\\u00fado com a tecla ESC&quot;,&quot;ERROR&quot;:&quot;Algo deu errado, tente novamente mais tarde&quot;,&quot;IMAGE_ERROR&quot;:&quot;Imagem n\\u00e3o encontrada&quot;,&quot;ELEMENT_NOT_FOUND&quot;:&quot;Elemento HTML n\\u00e3o encontrado&quot;,&quot;AJAX_NOT_FOUND&quot;:&quot;Erro ao carregar AJAX: N\\u00e3o encontrado&quot;,&quot;AJAX_FORBIDDEN&quot;:&quot;Erro ao carregar AJAX: N\\u00e3o autorizado&quot;,&quot;IFRAME_ERROR&quot;:&quot;Erro ao carregar a p\\u00e1gina&quot;,&quot;TOGGLE_ZOOM&quot;:&quot;Alternar n\\u00edvel de zoom&quot;,&quot;TOGGLE_THUMBS&quot;:&quot;Alternar miniaturas&quot;,&quot;TOGGLE_SLIDESHOW&quot;:&quot;Alternar exibi\\u00e7\\u00e3o de slides&quot;,&quot;TOGGLE_FULLSCREEN&quot;:&quot;Alternar modo de tela cheia&quot;},&quot;Images&quot;:{&quot;Panzoom&quot;:{&quot;maxScale&quot;:2}},&quot;mainClass&quot;:&quot;modula-fancybox-container modula-lightbox-jtg-2248&quot;,&quot;Html&quot;:{&quot;videoAutoplay&quot;:0,&quot;videoTpl&quot;:&quot;&lt;video class=\\&quot;fancybox__html5video\\&quot; controls muted playsinline controlsList controlsList=\\&quot;nodownload\\&quot; poster=\\&quot;{{poster}}\\&quot; src=\\&quot;{{src}}\\&quot; type=\\&quot;{{format}}\\&quot; &gt;  Sorry, your browser doesn&#039;t support embedded videos, &lt;a href=\\&quot;{{src}}\\&quot;&gt; download &lt;\\\/a&gt; and watch with your favorite video player! &lt;\\\/video&gt;&quot;}},&quot;inView&quot;:false,&quot;email_subject&quot;:&quot;Check out this awesome image !!&quot;,&quot;email_message&quot;:&quot;Here is the link to the image : %%image_link%% and this is the link to the gallery : %%gallery_link%%&quot;,&quot;grid_type&quot;:&quot;2&quot;,&quot;rowHeight&quot;:250,&quot;lastRow&quot;:&quot;justify&quot;,&quot;lightbox&quot;:&quot;fancybox&quot;}\">\n\n\t<div class=\"modula-grid-sizer\"> <\/div>\n\t<div  class=\"modula-items grid-gallery\">\n\t\t<div class=\"modula-item effect-pufrobo\" >\n\t<div class=\"modula-item-overlay\"><\/div>\n\n\t<div class=\"modula-item-content\">\n\n\t\t\t\t\n\t\t\t\t\t<a data-image-id=\"2252\" role=\"button\" tabindex=\"0\" rel=\"jtg-2248\" data-caption=\"\" aria-label=\"Abrir imagem no lightbox\" class=\"tile-inner modula-item-link\"><\/a>\n\t\t\n\t\t<img loading=\"lazy\" decoding=\"async\" class=\"pic wp-image-2252\"  data-valign=\"middle\" data-halign=\"center\" alt=\"\" data-full=\"https:\/\/mrporkfactory.com\/wp-content\/uploads\/2025\/09\/WhatsApp-Image-2025-08-28-at-10.40.41-AM.webp\" title=\"WhatsApp Image 2025-08-28 at 10.40.41 AM\" width=\"350\" height=\"350\" src=\"https:\/\/mrporkfactory.com\/wp-content\/uploads\/2025\/09\/WhatsApp-Image-2025-08-28-at-10.40.41-AM.webp\" data-src=\"https:\/\/mrporkfactory.com\/wp-content\/uploads\/2025\/09\/WhatsApp-Image-2025-08-28-at-10.40.41-AM.webp\" data-caption=\"\" srcset=\"https:\/\/mrporkfactory.com\/wp-content\/uploads\/2025\/09\/WhatsApp-Image-2025-08-28-at-10.40.41-AM-150x150.webp 150w, https:\/\/mrporkfactory.com\/wp-content\/uploads\/2025\/09\/WhatsApp-Image-2025-08-28-at-10.40.41-AM-300x300.webp 300w, https:\/\/mrporkfactory.com\/wp-content\/uploads\/2025\/09\/WhatsApp-Image-2025-08-28-at-10.40.41-AM-100x100.webp 100w\" sizes=\"auto, (max-width: 350px) 100vw, 350px\" \/>\n\t\t<div class=\"figc no-description\">\n\t\t\t<div class=\"figc-inner\">\n\t\t\t\t\t\t\t\t\t\t\t\t\t\t\t<\/div>\n\t\t<\/div>\n\n\t<\/div>\n\n<\/div><div class=\"modula-item effect-pufrobo\" >\n\t<div class=\"modula-item-overlay\"><\/div>\n\n\t<div class=\"modula-item-content\">\n\n\t\t\t\t\n\t\t\t\t\t<a data-image-id=\"2249\" role=\"button\" tabindex=\"0\" rel=\"jtg-2248\" data-caption=\"\" aria-label=\"Abrir imagem no lightbox\" class=\"tile-inner modula-item-link\"><\/a>\n\t\t\n\t\t<img loading=\"lazy\" decoding=\"async\" class=\"pic wp-image-2249\"  data-valign=\"middle\" data-halign=\"center\" alt=\"\" data-full=\"https:\/\/mrporkfactory.com\/wp-content\/uploads\/2025\/09\/WhatsApp-Image-2025-08-14-at-6.55.16-PM.webp\" title=\"WhatsApp Image 2025-08-14 at 6.55.16 PM\" width=\"350\" height=\"350\" src=\"https:\/\/mrporkfactory.com\/wp-content\/uploads\/2025\/09\/WhatsApp-Image-2025-08-14-at-6.55.16-PM.webp\" data-src=\"https:\/\/mrporkfactory.com\/wp-content\/uploads\/2025\/09\/WhatsApp-Image-2025-08-14-at-6.55.16-PM.webp\" data-caption=\"\" srcset=\"https:\/\/mrporkfactory.com\/wp-content\/uploads\/2025\/09\/WhatsApp-Image-2025-08-14-at-6.55.16-PM-150x150.webp 150w, https:\/\/mrporkfactory.com\/wp-content\/uploads\/2025\/09\/WhatsApp-Image-2025-08-14-at-6.55.16-PM-300x300.webp 300w, https:\/\/mrporkfactory.com\/wp-content\/uploads\/2025\/09\/WhatsApp-Image-2025-08-14-at-6.55.16-PM-100x100.webp 100w\" sizes=\"auto, (max-width: 350px) 100vw, 350px\" \/>\n\t\t<div class=\"figc no-description\">\n\t\t\t<div class=\"figc-inner\">\n\t\t\t\t\t\t\t\t\t\t\t\t\t\t\t<\/div>\n\t\t<\/div>\n\n\t<\/div>\n\n<\/div><div class=\"modula-item effect-pufrobo\" >\n\t<div class=\"modula-item-overlay\"><\/div>\n\n\t<div class=\"modula-item-content\">\n\n\t\t\t\t\n\t\t\t\t\t<a data-image-id=\"2250\" role=\"button\" tabindex=\"0\" rel=\"jtg-2248\" data-caption=\"\" aria-label=\"Abrir imagem no lightbox\" class=\"tile-inner modula-item-link\"><\/a>\n\t\t\n\t\t<img loading=\"lazy\" decoding=\"async\" class=\"pic wp-image-2250\"  data-valign=\"middle\" data-halign=\"center\" alt=\"\" data-full=\"https:\/\/mrporkfactory.com\/wp-content\/uploads\/2025\/09\/WhatsApp-Image-2025-08-28-at-3.06.07-PM.webp\" title=\"WhatsApp Image 2025-08-28 at 3.06.07 PM\" width=\"350\" height=\"350\" src=\"https:\/\/mrporkfactory.com\/wp-content\/uploads\/2025\/09\/WhatsApp-Image-2025-08-28-at-3.06.07-PM.webp\" data-src=\"https:\/\/mrporkfactory.com\/wp-content\/uploads\/2025\/09\/WhatsApp-Image-2025-08-28-at-3.06.07-PM.webp\" data-caption=\"\" srcset=\"https:\/\/mrporkfactory.com\/wp-content\/uploads\/2025\/09\/WhatsApp-Image-2025-08-28-at-3.06.07-PM-150x150.webp 150w, https:\/\/mrporkfactory.com\/wp-content\/uploads\/2025\/09\/WhatsApp-Image-2025-08-28-at-3.06.07-PM-300x300.webp 300w, https:\/\/mrporkfactory.com\/wp-content\/uploads\/2025\/09\/WhatsApp-Image-2025-08-28-at-3.06.07-PM-100x100.webp 100w\" sizes=\"auto, (max-width: 350px) 100vw, 350px\" \/>\n\t\t<div class=\"figc no-description\">\n\t\t\t<div class=\"figc-inner\">\n\t\t\t\t\t\t\t\t\t\t\t\t\t\t\t<\/div>\n\t\t<\/div>\n\n\t<\/div>\n\n<\/div><div class=\"modula-item effect-pufrobo\" >\n\t<div class=\"modula-item-overlay\"><\/div>\n\n\t<div class=\"modula-item-content\">\n\n\t\t\t\t\n\t\t\t\t\t<a data-image-id=\"2251\" role=\"button\" tabindex=\"0\" rel=\"jtg-2248\" data-caption=\"\" aria-label=\"Abrir imagem no lightbox\" class=\"tile-inner modula-item-link\"><\/a>\n\t\t\n\t\t<img loading=\"lazy\" decoding=\"async\" class=\"pic wp-image-2251\"  data-valign=\"middle\" data-halign=\"center\" alt=\"\" data-full=\"https:\/\/mrporkfactory.com\/wp-content\/uploads\/2025\/09\/WhatsApp-Image-2025-08-28-at-10.34.38-AM.webp\" title=\"WhatsApp Image 2025-08-28 at 10.34.38 AM\" width=\"350\" height=\"350\" src=\"https:\/\/mrporkfactory.com\/wp-content\/uploads\/2025\/09\/WhatsApp-Image-2025-08-28-at-10.34.38-AM.webp\" data-src=\"https:\/\/mrporkfactory.com\/wp-content\/uploads\/2025\/09\/WhatsApp-Image-2025-08-28-at-10.34.38-AM.webp\" data-caption=\"\" srcset=\"https:\/\/mrporkfactory.com\/wp-content\/uploads\/2025\/09\/WhatsApp-Image-2025-08-28-at-10.34.38-AM-150x150.webp 150w, https:\/\/mrporkfactory.com\/wp-content\/uploads\/2025\/09\/WhatsApp-Image-2025-08-28-at-10.34.38-AM-300x300.webp 300w, https:\/\/mrporkfactory.com\/wp-content\/uploads\/2025\/09\/WhatsApp-Image-2025-08-28-at-10.34.38-AM-100x100.webp 100w\" sizes=\"auto, (max-width: 350px) 100vw, 350px\" \/>\n\t\t<div class=\"figc no-description\">\n\t\t\t<div class=\"figc-inner\">\n\t\t\t\t\t\t\t\t\t\t\t\t\t\t\t<\/div>\n\t\t<\/div>\n\n\t<\/div>\n\n<\/div>\t\t\n\t<\/div>\n\n\t\n\t\n\t<script type=\"application\/ld+json\">\n\t{\n\t\t\"@context\": \"http:\/\/schema.org\",\n\t\t\"@type\"   : \"ImageGallery\",\n\t\t\"id\"      : \"https:\/\/mrporkfactory.com\/pt\/the-factory\/\",\n\t\t\"url\"     : \"https:\/\/mrporkfactory.com\/pt\/the-factory\/\"\n\t}\n\n\t<\/script>\n\n\t\n<\/div>\n\n<\/div><\/div><\/div>\n<\/div><\/div>","protected":false},"excerpt":{"rendered":"<p>Mr. Pork FactoryUSDA Approved, Nationwide Sausage Wholesaler At Mr. Pork Factory, quality, safety, and tradition come together to create sausages that stand out in flavor and excellence. As a USDA-approved facility, we adhere to the highest food safety and handling standards, ensuring every product meets strict regulatory requirements from start to finish. With decades of [&hellip;]<\/p>","protected":false},"author":1,"featured_media":0,"parent":0,"menu_order":0,"comment_status":"closed","ping_status":"closed","template":"","meta":{"footnotes":""},"class_list":["post-2244","page","type-page","status-publish","hentry"],"blocksy_meta":[],"jetpack_sharing_enabled":true,"_links":{"self":[{"href":"https:\/\/mrporkfactory.com\/pt\/wp-json\/wp\/v2\/pages\/2244","targetHints":{"allow":["GET"]}}],"collection":[{"href":"https:\/\/mrporkfactory.com\/pt\/wp-json\/wp\/v2\/pages"}],"about":[{"href":"https:\/\/mrporkfactory.com\/pt\/wp-json\/wp\/v2\/types\/page"}],"author":[{"embeddable":true,"href":"https:\/\/mrporkfactory.com\/pt\/wp-json\/wp\/v2\/users\/1"}],"replies":[{"embeddable":true,"href":"https:\/\/mrporkfactory.com\/pt\/wp-json\/wp\/v2\/comments?post=2244"}],"version-history":[{"count":1,"href":"https:\/\/mrporkfactory.com\/pt\/wp-json\/wp\/v2\/pages\/2244\/revisions"}],"predecessor-version":[{"id":2407,"href":"https:\/\/mrporkfactory.com\/pt\/wp-json\/wp\/v2\/pages\/2244\/revisions\/2407"}],"wp:attachment":[{"href":"https:\/\/mrporkfactory.com\/pt\/wp-json\/wp\/v2\/media?parent=2244"}],"curies":[{"name":"wp","href":"https:\/\/api.w.org\/{rel}","templated":true}]}}