{"id":11,"date":"2022-07-05T11:45:40","date_gmt":"2022-07-05T11:45:40","guid":{"rendered":"https:\/\/startersites.io\/blocksy\/catering\/?page_id=11"},"modified":"2025-09-19T17:35:17","modified_gmt":"2025-09-19T17:35:17","slug":"our-sausages","status":"publish","type":"page","link":"https:\/\/mrporkfactory.com\/pt\/our-sausages\/","title":{"rendered":"Sobre N\u00f3s"},"content":{"rendered":"<div class=\"wp-block-stackable-columns stk-block-columns stk-block stk-a6b1c3a\" data-block-id=\"a6b1c3a\"><div class=\"stk-row stk-inner-blocks stk-block-content stk-content-align stk-a6b1c3a-column\">\n<div class=\"wp-block-stackable-column stk-block-column stk-column stk-block stk-d3700ee\" data-v=\"4\" data-block-id=\"d3700ee\"><div class=\"stk-column-wrapper stk-block-column__content stk-container stk-d3700ee-container stk--no-background stk--no-padding\"><div class=\"stk-block-content stk-inner-blocks stk-d3700ee-inner-blocks\">\n<p><img loading=\"lazy\" decoding=\"async\" class=\"alignnone size-medium wp-image-2193 aligncenter\" src=\"https:\/\/mrporkfactory.com\/wp-content\/uploads\/2025\/09\/Logo-03-300x166.png\" alt=\"\" width=\"300\" height=\"166\" srcset=\"https:\/\/mrporkfactory.com\/wp-content\/uploads\/2025\/09\/Logo-03-300x166.png 300w, https:\/\/mrporkfactory.com\/wp-content\/uploads\/2025\/09\/Logo-03-1024x568.png 1024w, https:\/\/mrporkfactory.com\/wp-content\/uploads\/2025\/09\/Logo-03-768x426.png 768w, https:\/\/mrporkfactory.com\/wp-content\/uploads\/2025\/09\/Logo-03-1536x852.png 1536w, https:\/\/mrporkfactory.com\/wp-content\/uploads\/2025\/09\/Logo-03-2048x1136.png 2048w, https:\/\/mrporkfactory.com\/wp-content\/uploads\/2025\/09\/Logo-03-500x277.png 500w, https:\/\/mrporkfactory.com\/wp-content\/uploads\/2025\/09\/Logo-03-600x333.png 600w\" sizes=\"auto, (max-width: 300px) 100vw, 300px\" \/><\/p>\n<p>O Mr. Pork Grill \u00e9 um neg\u00f3cio familiar que come\u00e7ou sua hist\u00f3ria em 2018, com uma receita de lingui\u00e7a na m\u00e3o e o desejo de alcan\u00e7ar outras pessoas com nossos 20 anos de experi\u00eancia na ind\u00fastria aliment\u00edcia.<\/p>\n<p style=\"text-align: center;\"><strong>\u201cSabor, tradi\u00e7\u00e3o, qualidade e sa\u00fade\u201d<\/strong><\/p>\n<p>Descubra o sabor aut\u00eantico das lingui\u00e7as naturais artesanais.<\/p>\n<p>Descubra o sabor aut\u00eantico das lingui\u00e7as naturais artesanais. Nossa empresa traz o melhor das tradi\u00e7\u00f5es culin\u00e1rias com receitas exclusivas que destacam o verdadeiro sabor de cada lingui\u00e7a. Utilizamos ingredientes de alta qualidade e processos de produ\u00e7\u00e3o que respeitam cada etapa, garantindo que cada pe\u00e7a entregue seja uma experi\u00eancia \u00fanica. Nossos produtos s\u00e3o perfeitos para quem busca sabor e tradi\u00e7\u00e3o em cada mordida. Ligue agora para fazer seu pedido e experimentar a verdadeira diferen\u00e7a de qualidade.<\/p>\n<p>Ligue agora para fazer seu pedido e experimente a verdadeira diferen\u00e7a de qualidade.<\/p>\n<\/div><\/div><\/div>\n\n\n\n<div class=\"wp-block-stackable-column stk-block-column stk-column stk-block stk-06599c4 stk-block-background stk--has-background-overlay\" data-v=\"4\" data-block-id=\"06599c4\"><style>.stk-06599c4 {background-image:url(https:\/\/mrporkfactory.com\/wp-content\/uploads\/2025\/09\/mr.-pork-grill-the-owners.webp) !important;background-position:top center !important;background-repeat:no-repeat !important;min-height:400px !important;}@media screen and (max-width:689px){.stk-06599c4 {min-height:500px !important;}}<\/style><div class=\"stk-column-wrapper stk-block-column__content stk-container stk-06599c4-container stk--no-background stk--no-padding\"><div class=\"stk-block-content stk-inner-blocks stk-06599c4-inner-blocks\"><\/div><\/div><\/div>\n<\/div><\/div>","protected":false},"excerpt":{"rendered":"<p>Mr. Pork Grill is a family business that started their story in 2018, with a sausage recipe in hand and a desire to reach others with our 20 years experience in the food industry. \u201cTaste, tradition, quality and health\u201d Discover the authentic flavor of handcrafted natural sausages. Our company brings the best of culinary traditions [&hellip;]<\/p>","protected":false},"author":1,"featured_media":1951,"parent":0,"menu_order":0,"comment_status":"closed","ping_status":"closed","template":"","meta":{"footnotes":""},"class_list":["post-11","page","type-page","status-publish","has-post-thumbnail","hentry"],"blocksy_meta":{"styles_descriptor":{"styles":{"desktop":"","tablet":"","mobile":""},"google_fonts":[],"version":6},"page_title_panel":"","has_hero_section":"default","0828c9ee7e8a164ca516d9c9e1804f23":"","hero_section":"type-1","hero_elements":[{"id":"custom_title","enabled":true,"heading_tag":"h1","title":"Home"},{"id":"custom_description","enabled":true,"description_visibility":{"desktop":true,"tablet":true,"mobile":false}},{"id":"custom_meta","enabled":false,"meta_elements":[{"id":"author","enabled":true,"label":"By","has_author_avatar":"yes","avatar_size":25},{"id":"post_date","enabled":true,"label":"On","date_format_source":"default","date_format":"M j, Y"},{"id":"updated_date","enabled":false,"label":"On","date_format_source":"default","date_format":"M j, Y"},{"id":"categories","enabled":false,"label":"In","style":"simple"},{"id":"comments","enabled":true}],"page_meta_elements":{"joined":true,"articles_count":true,"comments":true}},{"id":"breadcrumbs","enabled":false}],"080d5311cf3209490267f35102f8d1ed":"","hero_alignment1":"CT_CSS_SKIP_RULE","hero_margin":40,"hero_alignment2":"center","hero_vertical_alignment":"center","09a4a4e2e903eb35fa7bdd7b7791cc9b":"","hero_structure":"narrow","5ec2e103a706bdc2972a2a045ec22c4a":"","page_title_bg_type":"featured_image","custom_hero_background":{"attachment_id":null},"page_title_image_size":"full","parallax":{"desktop":false,"tablet":false,"mobile":false},"fda4a03ece6c7379750335749d0ba419":"","hero_height":"250px","pageTitleFont":{"family":"Default","variation":"Default","size":"30px","line-height":"CT_CSS_SKIP_RULE","letter-spacing":"CT_CSS_SKIP_RULE","text-transform":"CT_CSS_SKIP_RULE","text-decoration":"CT_CSS_SKIP_RULE"},"pageTitleFontColor":{"default":{"color":"CT_CSS_SKIP_RULEDEFAULT"}},"pageMetaFont":{"family":"Default","variation":"n6","size":"12px","line-height":"1.3","letter-spacing":"CT_CSS_SKIP_RULE","text-transform":"uppercase","text-decoration":"CT_CSS_SKIP_RULE"},"pageMetaFontColor":{"default":{"color":"CT_CSS_SKIP_RULEDEFAULT"},"hover":{"color":"CT_CSS_SKIP_RULEDEFAULT"}},"page_meta_button_type_font_colors":{"default":{"color":"CT_CSS_SKIP_RULEDEFAULT"},"hover":{"color":"CT_CSS_SKIP_RULEDEFAULT"}},"page_meta_button_type_background_colors":{"default":{"color":"CT_CSS_SKIP_RULEDEFAULT"},"hover":{"color":"CT_CSS_SKIP_RULEDEFAULT"}},"pageExcerptFont":{"family":"Default","variation":"Default","size":"CT_CSS_SKIP_RULE","line-height":"CT_CSS_SKIP_RULE","letter-spacing":"CT_CSS_SKIP_RULE","text-transform":"CT_CSS_SKIP_RULE","text-decoration":"CT_CSS_SKIP_RULE"},"pageExcerptColor":{"default":{"color":"CT_CSS_SKIP_RULEDEFAULT"}},"breadcrumbsFont":{"family":"Default","variation":"Default","size":"CT_CSS_SKIP_RULE","line-height":"CT_CSS_SKIP_RULE","letter-spacing":"CT_CSS_SKIP_RULE","text-transform":"CT_CSS_SKIP_RULE","text-decoration":"CT_CSS_SKIP_RULE"},"breadcrumbsFontColor":{"default":{"color":"CT_CSS_SKIP_RULEDEFAULT"},"initial":{"color":"CT_CSS_SKIP_RULEDEFAULT"},"hover":{"color":"CT_CSS_SKIP_RULEDEFAULT"}},"pageTitleOverlay":{"background_type":"color","background_pattern":"type-1","background_image":{"attachment_id":null,"x":0,"y":0},"gradient":"linear-gradient(135deg,rgba(6,147,227,1) 0%,rgb(155,81,224) 100%)","background_repeat":"repeat","background_size":"auto","background_attachment":"scroll","patternColor":{"default":{"color":"#e5e7ea"}},"overlayColor":{"default":{"color":"CT_CSS_SKIP_RULE"}},"backgroundColor":{"default":{"color":"CT_CSS_SKIP_RULE"}}},"pageTitleBackground":{"background_type":"color","background_pattern":"type-1","background_image":{"attachment_id":null,"x":0,"y":0},"gradient":"linear-gradient(135deg,rgba(6,147,227,1) 0%,rgb(155,81,224) 100%)","background_repeat":"repeat","background_size":"auto","background_attachment":"scroll","patternColor":{"default":{"color":"#e5e7ea"}},"overlayColor":{"default":{"color":"CT_CSS_SKIP_RULE"}},"backgroundColor":{"default":{"color":"var(--theme-palette-color-6)"}}},"pageTitlePadding":{"top":"50px","bottom":"50px","left":"auto","right":"auto","linked":true},"a304537f159f9f2ebd89109d53e41fae":"","page_structure_type":"default","4431d70700f01b621465b5f9d3a18a2d":"","content_style_source":"inherit","content_style":"wide","vertical_spacing_source":"inherit","content_area_spacing":"none","background":{"background_type":"color","background_pattern":"type-1","background_image":{"attachment_id":null,"x":0,"y":0},"gradient":"linear-gradient(135deg,rgba(6,147,227,1) 0%,rgb(155,81,224) 100%)","background_repeat":"repeat","background_size":"auto","background_attachment":"scroll","patternColor":{"default":{"color":"#e5e7ea"}},"overlayColor":{"default":{"color":"CT_CSS_SKIP_RULE"}},"backgroundColor":{"default":{"color":"CT_CSS_SKIP_RULE"}}},"content_background":{"background_type":"color","background_pattern":"type-1","background_image":{"attachment_id":null,"x":0,"y":0},"gradient":"linear-gradient(135deg,rgba(6,147,227,1) 0%,rgb(155,81,224) 100%)","background_repeat":"repeat","background_size":"auto","background_attachment":"scroll","patternColor":{"default":{"color":"#e5e7ea"}},"overlayColor":{"default":{"color":"CT_CSS_SKIP_RULE"}},"backgroundColor":{"default":{"color":"var(--theme-palette-color-8)"}}},"content_boxed_shadow":{"inherit":false,"blur":18,"spread":-6,"v_offset":12,"h_offset":0,"inset":false,"enable":true,"color":{"color":"rgba(34, 56, 101, 0.04)"}},"content_boxed_border":{"width":1,"style":"none","color":{"color":"rgba(44,62,80,0.2)"}},"content_boxed_radius":{"top":"3px","bottom":"3px","left":"3px","right":"3px","linked":true},"boxed_content_spacing":{"desktop":{"top":"40px","bottom":"40px","left":"40px","right":"40px","linked":true},"tablet":{"top":"35px","bottom":"35px","left":"35px","right":"35px","linked":true},"mobile":{"top":"20px","bottom":"20px","left":"20px","right":"20px","linked":true}},"adb58383d39061e37fd021d5b61d8baa":"","disable_featured_image":"no","disable_share_box":"no","disable_header":"no","disable_footer":"no"},"jetpack_sharing_enabled":true,"_links":{"self":[{"href":"https:\/\/mrporkfactory.com\/pt\/wp-json\/wp\/v2\/pages\/11","targetHints":{"allow":["GET"]}}],"collection":[{"href":"https:\/\/mrporkfactory.com\/pt\/wp-json\/wp\/v2\/pages"}],"about":[{"href":"https:\/\/mrporkfactory.com\/pt\/wp-json\/wp\/v2\/types\/page"}],"author":[{"embeddable":true,"href":"https:\/\/mrporkfactory.com\/pt\/wp-json\/wp\/v2\/users\/1"}],"replies":[{"embeddable":true,"href":"https:\/\/mrporkfactory.com\/pt\/wp-json\/wp\/v2\/comments?post=11"}],"version-history":[{"count":3,"href":"https:\/\/mrporkfactory.com\/pt\/wp-json\/wp\/v2\/pages\/11\/revisions"}],"predecessor-version":[{"id":2419,"href":"https:\/\/mrporkfactory.com\/pt\/wp-json\/wp\/v2\/pages\/11\/revisions\/2419"}],"wp:featuredmedia":[{"embeddable":true,"href":"https:\/\/mrporkfactory.com\/pt\/wp-json\/wp\/v2\/media\/1951"}],"wp:attachment":[{"href":"https:\/\/mrporkfactory.com\/pt\/wp-json\/wp\/v2\/media?parent=11"}],"curies":[{"name":"wp","href":"https:\/\/api.w.org\/{rel}","templated":true}]}}