{"id":607,"date":"2024-06-24T22:15:06","date_gmt":"2024-06-24T22:15:06","guid":{"rendered":"https:\/\/mrporkfactory.com\/?page_id=607"},"modified":"2025-09-13T23:17:14","modified_gmt":"2025-09-13T23:17:14","slug":"refund_returns","status":"publish","type":"page","link":"https:\/\/mrporkfactory.com\/es\/refund_returns\/","title":{"rendered":"POL\u00cdTICA DE REEMBOLSOS Y DEVOLUCIONES"},"content":{"rendered":"<p>Thank you so much for purchasing from Mr. Pork Factory and Mr. Pork Grill.\u00a0 We strive to ensure every single customer of ours gets an experience they intend to rave about with their friends and family.\u00a0 Part of that commitment is working with you, the customer, to make sure you get the products you ordered, arriving in perfect condition on the dates you requested.\u00a0 In the event that we fall short in one link of that chain, please contact us at your earliest convenience at contato@mrporkfactory.com within 30 days of receiving your order.<\/p>\n<p>Dado que el env\u00edo de nuestros productos es inherentemente sensible al tiempo, no aceptamos devoluciones en nuestro centro de distribuci\u00f3n. Si recibi\u00f3 un producto que no cumpli\u00f3 con el compromiso de Mr. Pork Factory y Mr. Pork Grill, nuestros representantes de servicio al cliente trabajar\u00e1n con usted para crear una soluci\u00f3n justa. Esto puede requerir fotos del producto defectuoso para nuestros registros internos y requisitos de seguro, pero comenzaremos el proceso de revisi\u00f3n y\/o reembolso tan pronto como se comunique con nosotros.<\/p>\n<p>En promedio, nuestros representantes pueden responder dentro de 24 horas, logrando una resoluci\u00f3n completa en el transcurso de una semana, pero garantizamos que el proceso no tomar\u00e1 m\u00e1s de dos semanas. Las opciones de resoluci\u00f3n incluyen, pero no se limitan a, un env\u00edo de reemplazo, cr\u00e9dito en tienda para ser usado en nuevos productos o un reembolso de la compra original.<\/p>","protected":false},"excerpt":{"rendered":"<p>Thank you so much for purchasing from Mr. Pork Factory and Mr. Pork Grill.\u00a0 We strive to ensure every single customer of ours gets an experience they intend to rave about with their friends and family.\u00a0 Part of that commitment is working with you, the customer, to make sure you get the products you ordered, [&hellip;]<\/p>","protected":false},"author":1,"featured_media":0,"parent":0,"menu_order":0,"comment_status":"closed","ping_status":"closed","template":"","meta":{"footnotes":""},"class_list":["post-607","page","type-page","status-publish","hentry"],"blocksy_meta":[],"jetpack_sharing_enabled":true,"_links":{"self":[{"href":"https:\/\/mrporkfactory.com\/es\/wp-json\/wp\/v2\/pages\/607","targetHints":{"allow":["GET"]}}],"collection":[{"href":"https:\/\/mrporkfactory.com\/es\/wp-json\/wp\/v2\/pages"}],"about":[{"href":"https:\/\/mrporkfactory.com\/es\/wp-json\/wp\/v2\/types\/page"}],"author":[{"embeddable":true,"href":"https:\/\/mrporkfactory.com\/es\/wp-json\/wp\/v2\/users\/1"}],"replies":[{"embeddable":true,"href":"https:\/\/mrporkfactory.com\/es\/wp-json\/wp\/v2\/comments?post=607"}],"version-history":[{"count":1,"href":"https:\/\/mrporkfactory.com\/es\/wp-json\/wp\/v2\/pages\/607\/revisions"}],"predecessor-version":[{"id":2408,"href":"https:\/\/mrporkfactory.com\/es\/wp-json\/wp\/v2\/pages\/607\/revisions\/2408"}],"wp:attachment":[{"href":"https:\/\/mrporkfactory.com\/es\/wp-json\/wp\/v2\/media?parent=607"}],"curies":[{"name":"wp","href":"https:\/\/api.w.org\/{rel}","templated":true}]}}