{"id":512,"date":"2022-07-05T11:40:47","date_gmt":"2022-07-05T11:40:47","guid":{"rendered":"https:\/\/startersites.io\/blocksy\/catering\/?page_id=3"},"modified":"2025-09-03T22:54:06","modified_gmt":"2025-09-03T22:54:06","slug":"privacy-policy","status":"publish","type":"page","link":"https:\/\/mrporkfactory.com\/es\/privacy-policy\/","title":{"rendered":"Pol\u00edtica de Privacidad"},"content":{"rendered":"<div class=\"hero-section\" data-type=\"type-1\">\n<header class=\"entry-header\">\n<p class=\"page-title\" title=\"Pol\u00edtica de Privacidad\"><strong style=\"font-size: revert; background-color: transparent; color: var(--theme-text-color); font-family: var(--theme-font-family); font-style: var(--theme-font-style, inherit); letter-spacing: var(--theme-letter-spacing); text-transform: var(--theme-text-transform);\">ACUERDO CON LA POL\u00cdTICA:<\/strong><\/p>\n<\/header>\n<\/div>\n<div class=\"entry-content\">\n<p>Debe tener en cuenta que, al enviar cualquier tipo de datos personales a nuestro sitio web, usted indica su aceptaci\u00f3n de los t\u00e9rminos anteriores. En caso de dudas o inquietudes, siempre puede contactarnos para obtener m\u00e1s ayuda.<\/p>\n<p><strong>POL\u00cdTICA DE PRIVACIDAD<\/strong><\/p>\n<p>Esta Pol\u00edtica de Privacidad ha sido creada para informarle a usted, el usuario, sobre la recopilaci\u00f3n, uso y divulgaci\u00f3n de informaci\u00f3n en este sitio web, https:\/\/mrporkfactory.com.<\/p>\n<p>Esta pol\u00edtica es adicional a los T\u00e9rminos de Uso y Condiciones que rigen el sitio web y debe leerse junto con dichos T\u00e9rminos de Uso y Condiciones.<\/p>\n<p>Usted reconoce que este sitio web recopila y procesa \u201cinformaci\u00f3n personal\u201d (es decir, informaci\u00f3n con la que podemos contactarlo) o \u201cinformaci\u00f3n demogr\u00e1fica y de uso\u201d (es decir, informaci\u00f3n que usted env\u00eda, o que recopilamos, que no es informaci\u00f3n personal pero que es necesaria para el funcionamiento adecuado y la facturaci\u00f3n de nuestro servicio). Podemos transmitir su informaci\u00f3n personal a su proveedor de servicios de telefon\u00eda m\u00f3vil para asegurar la cobranza de tarifas. Adem\u00e1s, podemos compartir su informaci\u00f3n con agencias gubernamentales, incluidos, entre otros, tribunales y oficinas de fiscales de distrito para procedimientos legales y la prevenci\u00f3n de delitos.<\/p>\n<p><strong>Recopilaci\u00f3n de Informaci\u00f3n Personal<\/strong><\/p>\n<p>Nos tomamos en serio su privacidad electr\u00f3nica. Aunque somos los \u00fanicos propietarios de la informaci\u00f3n que recopilamos en el sitio web, no compartiremos ninguna de sus informaciones con terceros sin su consentimiento expl\u00edcito, a menos que estemos obligados por ley o creamos de buena fe que dicha acci\u00f3n es necesaria para cumplir con los edictos de la ley, cooperar con las autoridades policiales u otras agencias gubernamentales, o cumplir con un proceso legal emitido al sitio web o con \u00f3rdenes judiciales. Podemos transmitir su informaci\u00f3n personal a su proveedor de servicios de telefon\u00eda m\u00f3vil para asegurar la cobranza de tarifas.<\/p>\n<p><strong>HAY TRES TIPOS DE INFORMACI\u00d3N QUE ESTE SITIO WEB OBTIENE SOBRE USTED<\/strong><\/p>\n<p><strong>Informaci\u00f3n Agregada:<\/strong><\/p>\n<p>La Informaci\u00f3n Agregada son datos an\u00f3nimos que los sitios web utilizan para analizar tendencias, administrar el sitio web, diagnosticar problemas en los sitios y redes de comunicaci\u00f3n, rastrear el movimiento de los usuarios, recopilar informaci\u00f3n demogr\u00e1fica amplia para uso agregado y ayudar a mejorar la calidad de las p\u00e1ginas web. Puede incluir su nombre de dominio, su direcci\u00f3n IP o el proveedor de su red de telefon\u00eda m\u00f3vil. Ninguna de esta informaci\u00f3n est\u00e1 vinculada a Informaci\u00f3n Personal Identificable.<\/p>\n<p><strong>Informaci\u00f3n Personalmente Identificable:<\/strong><\/p>\n<p>La Informaci\u00f3n Personalmente Identificable es cualquier informaci\u00f3n que lo identifique personalmente. Cuando realiza un pedido o env\u00eda una consulta desde nuestro sitio web, el sitio recopila sus datos de contacto. Esta informaci\u00f3n es obligatoria para que podamos registrar el progreso y el estado de su pedido o consulta; se requerir\u00e1 informaci\u00f3n adicional para unirse al club de miembros del sitio web. Como miembro del sitio web, se le ofrecer\u00e1n promociones a medida que est\u00e9n disponibles. Tambi\u00e9n registramos otra informaci\u00f3n, incluidas las respuestas a promociones. Siempre que se solicita una p\u00e1gina desde nuestro servidor web, registramos la hora, la fecha y la URL de la solicitud, junto con informaci\u00f3n sobre el software del navegador que se est\u00e1 utilizando. Esta informaci\u00f3n se recopila para proporcionar investigaciones valiosas que nos ayuden a comprender mejor las preferencias de nuestros miembros y para permitirnos dirigir mejor nuestras comunicaciones, incluidas las promociones.<\/p>\n<p><strong>Uso y Divulgaci\u00f3n:<\/strong><\/p>\n<p>Podemos compartir Informaci\u00f3n Agregada con nuestros socios y anunciantes. No compartiremos su Informaci\u00f3n Personalmente Identificable con terceros a menos que hayamos obtenido su consentimiento expreso para hacerlo. Siempre se le ofrecer\u00e1 una opci\u00f3n de \"opt-out\" en todas las comunicaciones.<\/p>\n<p>Nuestro uso de su Informaci\u00f3n Personalmente Identificable puede incluir:<\/p>\n<p>Para notificarle sobre pr\u00f3ximas promociones;<\/p>\n<p>Para identificarlo si est\u00e1 suscrito a Mr. Pork Grill y Mr. Pork Factory.<\/p>\n<p>No divulgaremos ninguna Informaci\u00f3n Personalmente Identificable sobre usted sin su consentimiento expreso, a menos que creamos que sea necesario:<\/p>\n<p><strong>CUANDO LO REQUIERA LA LEY<\/strong><\/p>\n<p>Para proporcionarle los servicios que ha solicitado;<\/p>\n<p>Administrar y gestionar esos servicios, incluyendo cobro, facturaci\u00f3n y recaudaci\u00f3n de deudas;<\/p>\n<p>Para implementar nuestros t\u00e9rminos de servicio;<\/p>\n<p>Para proteger nuestros derechos o propiedad o los de cualquier usuario del sitio web, o cualquier miembro del p\u00fablico;<\/p>\n<p>Para disminuir una amenaza seria a la salud o seguridad de una persona;<\/p>\n<p>Actualizaciones de los Servicios del Sitio Web;<\/p>\n<p>Para los fines establecidos anteriormente, podemos divulgar su informaci\u00f3n personal a organizaciones fuera del Sitio Web. Cuando sea apropiado, estas divulgaciones est\u00e1n sujetas a protecciones de privacidad y confidencialidad. Las organizaciones a las que divulgamos informaci\u00f3n incluyen:<\/p>\n<p><strong>PROVEEDORES DE SERVICIOS EXTERNALIZADOS QUE ADMINISTRAN LOS SERVICIOS QUE LE PROPORCIONAMOS, INCLUYENDO:<\/strong><\/p>\n<p>sistemas de correo;<\/p>\n<p>funciones de facturaci\u00f3n y recuperaci\u00f3n de deudas;<\/p>\n<p>servicios de tecnolog\u00eda de la informaci\u00f3n;<\/p>\n<p>sus representantes (por ejemplo, sus representantes autorizados o asesores legales);<\/p>\n<p>agencias de informes crediticios y verificaci\u00f3n de fraude;<\/p>\n<p>proveedores de cr\u00e9dito para fines relacionados con el cr\u00e9dito, como solvencia, calificaci\u00f3n crediticia, otorgamiento de cr\u00e9dito y financiamiento;<\/p>\n<p>nuestros asesores profesionales, incluidos nuestros contadores, auditores y abogados;<\/p>\n<p>autoridades gubernamentales y regulatorias y otras organizaciones, seg\u00fan lo requiera o autorice la ley;<\/p>\n<p>Otros proveedores de servicios de telecomunicaciones e informaci\u00f3n; y nuestras empresas relacionadas.<\/p>\n<p><strong>COOKIES<\/strong><\/p>\n<p>Una cookie es un fragmento de datos almacenado en su disco duro que contiene informaci\u00f3n sobre usted. El uso de cookies en los sitios web es un est\u00e1ndar com\u00fan en la industria. Las cookies act\u00faan como identificadores \u00fanicos, utilizados para distinguir a diferentes miembros. Nos permiten rastrear y orientar sus intereses para mejorar su experiencia en nuestro sitio. Una vez que cierre sesi\u00f3n en su navegador, la cookie simplemente termina. Tenga en cuenta que incluso despu\u00e9s de que hayamos terminado una cookie, pueden permanecer restos de esa cookie en su computadora. Estos restos normalmente est\u00e1n inactivos.<\/p>\n<p>Nuestros socios comerciales pueden utilizar cookies en el sitio web (por ejemplo, anunciantes). Sin embargo, no tenemos acceso ni control sobre estas cookies ni sobre la informaci\u00f3n recopilada por estos socios comerciales.<\/p>\n<p>Podemos usar cookies cuando llevamos a cabo encuestas, sondeos y concursos para limitar respuestas y registros m\u00faltiples.<\/p>\n<p>Nunca usaremos cookies para obtener informaci\u00f3n de su computadora que no haya sido enviada originalmente por nosotros a usted en una cookie.<\/p>\n<p>Como la mayor\u00eda de los navegadores aceptan cookies autom\u00e1ticamente, puedes modificar tu navegador para rechazar cookies o para que te avise cuando se env\u00eden cookies. Al modificar tu navegador, es posible que algunas partes del sitio, como encuestas, concursos y \u00e1reas de juegos, no funcionen a su m\u00e1xima capacidad.<\/p>\n<p><strong>CALIDAD DE LOS DATOS Y SEGURIDAD DE LA INFORMACI\u00d3N PERSONAL<\/strong><\/p>\n<p>Tomamos precauciones razonables para proteger su seguridad. Utilizamos tecnolog\u00eda de encriptaci\u00f3n para asegurar que la informaci\u00f3n est\u00e9 protegida al ser enviada por Internet. Desafortunadamente, siempre existe un riesgo al enviar informaci\u00f3n por cualquier canal, incluida Internet, y usted lo hace completamente bajo su propio riesgo.<\/p>\n<p>Los empleados y contratistas autorizados tendr\u00e1n acceso limitado a su informaci\u00f3n personal \u00fanicamente cuando sea necesario para que puedan desempe\u00f1ar sus funciones correspondientes. El Sitio web y nuestras agencias y empresas asociadas est\u00e1n obligados a respetar la confidencialidad de cualquier informaci\u00f3n personal que tengamos.<\/p>\n<p><strong>ENLACES A SITIOS WEB DE TERCEROS<\/strong><\/p>\n<p>Este Sitio web puede contener enlaces a otros sitios, por los cuales no podemos hacernos responsables de las pr\u00e1cticas de privacidad. Animamos a nuestros usuarios a estar atentos al salir de nuestro sitio y a leer las declaraciones de privacidad de cada sitio web que recopile Informaci\u00f3n Personal Identificable. Esta declaraci\u00f3n de privacidad se aplica \u00fanicamente a la informaci\u00f3n recopilada por este Sitio web.<\/p>\n<p><strong>NOTIFICACI\u00d3N DE CAMBIOS EN LA POL\u00cdTICA DE PRIVACIDAD<\/strong><\/p>\n<p>Cualquier enmienda a esta Pol\u00edtica de Privacidad se publicar\u00e1 en el Sitio web para que nuestros usuarios siempre est\u00e9n al tanto de qu\u00e9 informaci\u00f3n recopilamos, c\u00f3mo la utilizamos y bajo qu\u00e9 circunstancias, si las hubiera, la divulgamos.<\/p>\n<\/div>","protected":false},"excerpt":{"rendered":"<p>AGREEMENT TO THE POLICY: You should be aware that by submitting any kind of personal details to our website, you indicate your acceptance to the terms given above. In case of any queries or concerns you are always free to contact us for further assistance. PRIVACY\u00a0POLICY This Privacy Policy has been created in order to [&hellip;]<\/p>","protected":false},"author":1,"featured_media":0,"parent":0,"menu_order":0,"comment_status":"closed","ping_status":"closed","template":"","meta":{"footnotes":""},"class_list":["post-512","page","type-page","status-publish","hentry"],"blocksy_meta":[],"jetpack_sharing_enabled":true,"_links":{"self":[{"href":"https:\/\/mrporkfactory.com\/es\/wp-json\/wp\/v2\/pages\/512","targetHints":{"allow":["GET"]}}],"collection":[{"href":"https:\/\/mrporkfactory.com\/es\/wp-json\/wp\/v2\/pages"}],"about":[{"href":"https:\/\/mrporkfactory.com\/es\/wp-json\/wp\/v2\/types\/page"}],"author":[{"embeddable":true,"href":"https:\/\/mrporkfactory.com\/es\/wp-json\/wp\/v2\/users\/1"}],"replies":[{"embeddable":true,"href":"https:\/\/mrporkfactory.com\/es\/wp-json\/wp\/v2\/comments?post=512"}],"version-history":[{"count":0,"href":"https:\/\/mrporkfactory.com\/es\/wp-json\/wp\/v2\/pages\/512\/revisions"}],"wp:attachment":[{"href":"https:\/\/mrporkfactory.com\/es\/wp-json\/wp\/v2\/media?parent=512"}],"curies":[{"name":"wp","href":"https:\/\/api.w.org\/{rel}","templated":true}]}}