{"id":3,"date":"2024-06-19T01:24:06","date_gmt":"2024-06-19T01:24:06","guid":{"rendered":"http:\/\/box2137\/cgi\/addon_GT.cgi?s=GT::WP::Install::Cpanel+%28xarmixco%29+-+127.0.0.1+%5Bnocaller%5D\/?page_id=3"},"modified":"2024-06-28T23:42:19","modified_gmt":"2024-06-28T23:42:19","slug":"terms-conditions","status":"publish","type":"page","link":"https:\/\/mrporkfactory.com\/es\/terms-conditions\/","title":{"rendered":"T\u00e9rminos y Condiciones"},"content":{"rendered":"<div class=\"hero-section\" data-type=\"type-1\">\n<header class=\"entry-header\">\n<p class=\"page-title\" title=\"T\u00e9rminos y Condiciones\"><strong style=\"font-size: revert; background-color: transparent; color: var(--theme-text-color); font-family: var(--theme-font-family); font-style: var(--theme-font-style, inherit); letter-spacing: var(--theme-letter-spacing); text-transform: var(--theme-text-transform);\">T\u00e9rminos de Uso<\/strong><\/p>\n<\/header>\n<\/div>\n<div class=\"entry-content\">\n<p>Por favor, lea estos t\u00e9rminos de uso cuidadosamente antes de comenzar a usar el sitio. Al usar nuestro sitio, usted indica que acepta estos t\u00e9rminos de uso y que acepta cumplirlos. Si no est\u00e1 de acuerdo con estos t\u00e9rminos de uso, por favor, abst\u00e9ngase de utilizar nuestro sitio.<\/p>\n<p><strong>CONFIANZA EN LA INFORMACI\u00d3N PUBLICADA Y DESCARGO DE RESPONSABILIDAD<\/strong><\/p>\n<p>Los materiales contenidos en nuestro sitio se proporcionan \u00fanicamente con fines informativos generales y no pretenden ser, ni constituyen, asesoramiento legal u otro tipo de asesoramiento profesional, y no se deben considerar como tal.<\/p>\n<p>No aceptamos ninguna responsabilidad por ninguna p\u00e9rdida que pueda surgir del acceso o la confianza en la informaci\u00f3n de este sitio. Y en la m\u00e1xima medida permitida por la ley, excluimos toda responsabilidad por p\u00e9rdidas o da\u00f1os directos o indirectos derivados del uso de este sitio.<\/p>\n<p><strong>ACCESO A NUESTRO SITIO<\/strong><\/p>\n<p>El acceso a nuestro sitio se permite de manera temporal, y nos reservamos el derecho de retirar o modificar el servicio que proporcionamos en nuestro sitio sin previo aviso (v\u00e9ase a continuaci\u00f3n). No seremos responsables si, por cualquier motivo, nuestro sitio no est\u00e1 disponible en alg\u00fan momento o durante alg\u00fan per\u00edodo.<\/p>\n<p><strong>DERECHOS DE PROPIEDAD INTELECTUAL<\/strong><\/p>\n<p>Somos los propietarios o licenciatarios de todos los derechos de propiedad intelectual en nuestro sitio y en el material publicado en \u00e9l. Estas obras est\u00e1n protegidas por leyes de derechos de autor y tratados en todo el mundo. Todos estos derechos est\u00e1n reservados.<\/p>\n<p>Puede imprimir una copia y descargar extractos de cualquier p\u00e1gina de nuestro sitio para su referencia personal, y puede llamar la atenci\u00f3n de otras personas dentro de su organizaci\u00f3n sobre el material publicado en nuestro sitio.<\/p>\n<p>No debe modificar los materiales que haya impreso o descargado de ninguna manera, y no debe usar ilustraciones, fotograf\u00edas, secuencias de video o audio, ni gr\u00e1ficos por separado del texto que los acompa\u00f1a.<\/p>\n<p>Nuestro estatus (y el de cualquier colaborador identificado) como autores del material en nuestro sitio debe ser siempre reconocido.<\/p>\n<p>No debe usar ninguna parte de los materiales en nuestro sitio con fines comerciales sin obtener una licencia para hacerlo de nosotros o de nuestros licenciantes.<br \/>\nSi imprime, copia o descarga cualquier parte de nuestro sitio en violaci\u00f3n de estos t\u00e9rminos de uso, su derecho a usar nuestro sitio cesar\u00e1 inmediatamente y deber\u00e1, a nuestra elecci\u00f3n, devolver o destruir cualquier copia de los materiales que haya realizado.<\/p>\n<p>Si cree que sus derechos de propiedad intelectual han sido infringidos por el contenido de nuestro sitio web, por favor cont\u00e1ctenos por correo electr\u00f3nico o por escrito a la direcci\u00f3n que se indica a continuaci\u00f3n.<\/p>\n<p><strong><br \/>\nNUESTRO SITIO SE ACTUALIZA REGULARMENTE<\/strong><\/p>\n<p>Actualizamos nuestro sitio regularmente y podemos cambiar el contenido en cualquier momento. Tenemos el derecho de suspender el acceso a nuestro sitio o cerrarlo indefinidamente. Si alg\u00fan material en nuestro sitio est\u00e1 desactualizado, no tenemos ninguna obligaci\u00f3n de actualizar dicho material.<\/p>\n<p><strong><br \/>\nINFORMACI\u00d3N SOBRE USTED Y SUS VISITAS A NUESTRO SITIO<\/strong><\/p>\n<p>Procesamos informaci\u00f3n sobre usted de acuerdo con nuestra pol\u00edtica de privacidad. Al usar nuestro sitio, usted da su consentimiento para dicho procesamiento y garantiza que todos los datos proporcionados por usted son precisos.<\/p>\n<p><strong>VIRUS, HACKING Y OTROS DELITOS<\/strong><\/p>\n<p>No debe, conscientemente, introducir virus, troyanos, gusanos, bombas l\u00f3gicas u otro material que sea malicioso o tecnol\u00f3gicamente da\u00f1ino. No debe intentar obtener acceso no autorizado a nuestro sitio, al servidor en el que se almacena nuestro sitio o a cualquier servidor, computadora o base de datos conectada a nuestro sitio. No debe atacar nuestro sitio mediante un ataque de denegaci\u00f3n de servicio o un ataque distribuido de denegaci\u00f3n de servicio.<\/p>\n<p>Al incumplir esta disposici\u00f3n, estar\u00e1 cometiendo un delito seg\u00fan la Ley de Uso Indebido de Computadoras de 1990. Informaremos de cualquier incumplimiento a las autoridades competentes y cooperaremos con ellas revelando su identidad. En caso de tal incumplimiento, su derecho a usar nuestro sitio cesar\u00e1 inmediatamente.<\/p>\n<p>No seremos responsables de ninguna p\u00e9rdida o da\u00f1o causado por un ataque distribuido de denegaci\u00f3n de servicio, virus u otro material tecnol\u00f3gicamente da\u00f1ino que pueda infectar su equipo inform\u00e1tico, programas de computadora, datos u otro material propietario debido a su uso de nuestro sitio o a la descarga de cualquier material publicado en \u00e9l, o en cualquier sitio web vinculado al mismo.<\/p>\n<p><strong>ENLACES DE NUESTRO SITIO<\/strong><\/p>\n<p>Cuando nuestro sitio contiene enlaces a otros sitios y recursos proporcionados por terceros, estos enlaces se proporcionan \u00fanicamente para su informaci\u00f3n. No tenemos control sobre el contenido de esos sitios o recursos y no aceptamos ninguna responsabilidad por ellos ni por ninguna p\u00e9rdida o da\u00f1o que pueda surgir de su uso. Al acceder a un sitio a trav\u00e9s de nuestro sitio web, le recomendamos que revise sus t\u00e9rminos de uso y pol\u00edticas de privacidad para garantizar el cumplimiento y determinar c\u00f3mo pueden usar su informaci\u00f3n.<\/p>\n<p><strong>POL\u00cdTICA DE PRIVACIDAD<\/strong><\/p>\n<p>Nuestra Pol\u00edtica de Privacidad es parte de estos t\u00e9rminos y condiciones de uso y est\u00e1 sujeta a ellos.<\/p>\n<p><strong>REVISI\u00d3NES<\/strong><\/p>\n<p>Podemos revisar estos t\u00e9rminos de uso en cualquier momento modificando esta p\u00e1gina. Se espera que revise esta p\u00e1gina de vez en cuando y tome nota de cualquier cambio, ya que son vinculantes para usted. Algunas de las disposiciones contenidas en estos t\u00e9rminos de uso tambi\u00e9n pueden ser reemplazadas por disposiciones o avisos publicados en otros lugares de nuestro sitio.<\/p>\n<\/div>","protected":false},"excerpt":{"rendered":"<p>TERMS OF USE Please read these terms of use carefully before you start to use the site. By using our site, you indicate that you accept these terms of use and that you agree to abide by them. If you do not agree to these terms of use, please refrain from using our site. RELIANCE [&hellip;]<\/p>","protected":false},"author":1,"featured_media":0,"parent":0,"menu_order":0,"comment_status":"closed","ping_status":"closed","template":"","meta":{"footnotes":""},"class_list":["post-3","page","type-page","status-publish","hentry"],"blocksy_meta":{"vertical_spacing_source":"custom","content_area_spacing":"both","styles_descriptor":{"styles":{"desktop":"","tablet":"","mobile":""},"google_fonts":[],"version":6},"has_hero_section":"default"},"jetpack_sharing_enabled":true,"_links":{"self":[{"href":"https:\/\/mrporkfactory.com\/es\/wp-json\/wp\/v2\/pages\/3","targetHints":{"allow":["GET"]}}],"collection":[{"href":"https:\/\/mrporkfactory.com\/es\/wp-json\/wp\/v2\/pages"}],"about":[{"href":"https:\/\/mrporkfactory.com\/es\/wp-json\/wp\/v2\/types\/page"}],"author":[{"embeddable":true,"href":"https:\/\/mrporkfactory.com\/es\/wp-json\/wp\/v2\/users\/1"}],"replies":[{"embeddable":true,"href":"https:\/\/mrporkfactory.com\/es\/wp-json\/wp\/v2\/comments?post=3"}],"version-history":[{"count":0,"href":"https:\/\/mrporkfactory.com\/es\/wp-json\/wp\/v2\/pages\/3\/revisions"}],"wp:attachment":[{"href":"https:\/\/mrporkfactory.com\/es\/wp-json\/wp\/v2\/media?parent=3"}],"curies":[{"name":"wp","href":"https:\/\/api.w.org\/{rel}","templated":true}]}}