{"id":2244,"date":"2025-09-08T19:47:46","date_gmt":"2025-09-08T19:47:46","guid":{"rendered":"https:\/\/mrporkfactory.com\/?page_id=2244"},"modified":"2025-09-13T21:04:18","modified_gmt":"2025-09-13T21:04:18","slug":"the-factory","status":"publish","type":"page","link":"https:\/\/mrporkfactory.com\/es\/the-factory\/","title":{"rendered":"La F\u00e1brica"},"content":{"rendered":"<div class=\"wp-block-stackable-heading stk-block-heading stk-block-heading--v2 stk-block stk-e64be73\" id=\"mr-pork-factory-br-usda-approved-nationwide-sausage-wholesaler\" data-block-id=\"e64be73\"><h2 class=\"stk-block-heading__text has-text-align-center\">F\u00e1brica Mr. Pork<br>Aprobado por el USDA, Mayorista de Salchichas a Nivel Nacional<\/h2><\/div>\n\n\n\n<div class=\"wp-block-stackable-columns stk-block-columns stk-block stk-5d5e972\" data-block-id=\"5d5e972\"><div class=\"stk-row stk-inner-blocks stk-block-content stk-content-align stk-5d5e972-column\">\n<div class=\"wp-block-stackable-column stk-block-column stk-column stk-block stk-b25e300\" data-v=\"4\" data-block-id=\"b25e300\"><div class=\"stk-column-wrapper stk-block-column__content stk-container stk-b25e300-container stk--no-background stk--no-padding\"><div class=\"stk-block-content stk-inner-blocks stk-b25e300-inner-blocks\">\n<p data-start=\"166\" data-end=\"473\">En <strong data-start=\"169\" data-end=\"189\">F\u00e1brica Mr. Pork<\/strong>, calidad, seguridad y tradici\u00f3n se combinan para crear salchichas que destacan por su sabor y excelencia. Como un(a) <strong data-start=\"301\" data-end=\"327\">Instalaci\u00f3n aprobada por el USDA<\/strong>, nos adherimos a los m\u00e1s altos est\u00e1ndares de seguridad y manipulaci\u00f3n de alimentos, asegurando que cada producto cumpla con estrictos requisitos regulatorios de principio a fin.<\/p>\n<p data-start=\"475\" data-end=\"953\">Con d\u00e9cadas de experiencia en la industria alimentaria, nuestra f\u00e1brica es m\u00e1s que solo un espacio de producci\u00f3n: es el coraz\u00f3n de nuestro negocio familiar. Aqu\u00ed es donde las recetas tradicionales se encuentran con la tecnolog\u00eda moderna, lo que nos permite producir salchichas consistentes y llenas de sabor en una variedad de estilos para satisfacer todos los paladares. Desde nuestra <strong data-start=\"782\" data-end=\"810\">Salchicha Tradicional de Cerdo<\/strong> a nuestro <strong data-start=\"818\" data-end=\"832\">Cordero Picante<\/strong> y <strong data-start=\"837\" data-end=\"857\">Salchichas de Pollo<\/strong>, cada producto se elabora cuidadosamente con cortes de carne de primera calidad y una mezcla de especias perfeccionada.<\/p>\n<p data-start=\"955\" data-end=\"1284\">Com <strong data-start=\"960\" data-end=\"985\">mayorista a nivel nacional<\/strong>, nos enorgullece atender a restaurantes, empresas de catering, minoristas y distribuidores en todo Estados Unidos. Ya sea suministrando pedidos al por mayor o personalizando sabores seg\u00fan las necesidades del cliente, la F\u00e1brica Mr. Pork ofrece no solo productos de alta calidad, sino tambi\u00e9n un servicio confiable en el que las empresas pueden confiar.<\/p>\n<p data-start=\"1286\" data-end=\"1469\">Nuestro compromiso va m\u00e1s all\u00e1 del sabor, priorizamos <strong data-start=\"1334\" data-end=\"1388\">la seguridad alimentaria, la eficiencia y la satisfacci\u00f3n del cliente<\/strong>, convirti\u00e9ndonos en un socio de confianza para el suministro mayorista de salchichas de costa a costa.<\/p>\n<\/div><\/div><\/div>\n\n\n\n<div class=\"wp-block-stackable-column stk-block-column stk-column stk-block stk-a962841\" data-v=\"4\" data-block-id=\"a962841\"><div class=\"stk-column-wrapper stk-block-column__content stk-container stk-a962841-container stk--no-background stk--no-padding\"><div class=\"stk-block-content stk-inner-blocks stk-a962841-inner-blocks\"><style>#jtg-2248 .modula-item .jtg-social a, .lightbox-socials.jtg-social a{ fill: #ffffff; color: #ffffff }#jtg-2248 .modula-item .jtg-social-expandable a, #jtg-2248 .modula-item .jtg-social-expandable-icons a{ fill: #ffffff; color: #ffffff }#jtg-2248 .modula-item .jtg-social svg, .lightbox-socials.jtg-social svg { height: 16px; width: 16px }#jtg-2248 .modula-item .jtg-social-expandable svg { height: 16px; width: 16px }#jtg-2248 .modula-item .jtg-social-expandable-icons svg { height: 16px; width: 16px }#jtg-2248 .modula-item .jtg-social a:not(:last-child), .lightbox-socials.jtg-social a:not(:last-child) { margin-right: 10px }#jtg-2248 .modula-item .jtg-social-expandable-icons { gap: 10px }#jtg-2248 .modula-item .no-socials{ display:none; }#jtg-2248 .modula-item .figc {color:#ffffff;}#jtg-2248 .modula-item .figc .jtg-title {  font-size: 24px; }#jtg-2248 .modula-item .modula-item-content { transform: scale(1); }#jtg-2248 { width:100%;}#jtg-2248 .modula-items .figc p.description { font-size:16px; }#jtg-2248 .modula-items .figc p.description { color:#ffffff;}#jtg-2248 .modula-items .figc .jtg-title { color:#ffffff; }#jtg-2248.modula-gallery .modula-item > a, #jtg-2248.modula-gallery .modula-item, #jtg-2248.modula-gallery .modula-item-content > a:not(.modula-no-follow) { cursor:zoom-in; } #jtg-2248.modula-gallery .modula-item-content .modula-no-follow { cursor: default; } #jtg-2248.modula-gallery .modula-item, #jtg-2248.modula-gallery .modula-grid-sizer { width: calc(50% - 5px) ; } @media (min-width: 768px) and (max-width:992px) { html body #jtg-2248.modula-gallery .modula-item, html body  #jtg-2248.modula-gallery .modula-grid-sizer {width: calc(50% - 5px ) ; } }@media (max-width: 768px) { html body #jtg-2248.modula-gallery .modula-item, html body  #jtg-2248.modula-gallery .modula-grid-sizer {width: calc(50% - 5px ) ; } }#jtg-2248 .modula-items{position:relative;}@media screen and (max-width:480px){#jtg-2248 .modula-item .figc .jtg-title {  font-size: 12px; }#jtg-2248 .modula-items .figc p.description { color:#ffffff;font-size:10px; }}<\/style>\n<div  id=\"jtg-2248\" class=\"modula modula-gallery modula-columns\" data-config=\"{&quot;tabletHeight&quot;:800,&quot;mobileHeight&quot;:800,&quot;desktopHeight&quot;:800,&quot;enableTwitter&quot;:false,&quot;enableWhatsapp&quot;:false,&quot;enableFacebook&quot;:false,&quot;enablePinterest&quot;:false,&quot;enableLinkedin&quot;:false,&quot;enableEmail&quot;:false,&quot;randomFactor&quot;:0.5,&quot;type&quot;:&quot;grid&quot;,&quot;columns&quot;:12,&quot;gutter&quot;:10,&quot;mobileGutter&quot;:10,&quot;tabletGutter&quot;:10,&quot;desktopGutter&quot;:10,&quot;enableResponsive&quot;:&quot;0&quot;,&quot;tabletColumns&quot;:2,&quot;mobileColumns&quot;:1,&quot;lazyLoad&quot;:0,&quot;lightboxOpts&quot;:{&quot;animated&quot;:true,&quot;Thumbs&quot;:{&quot;type&quot;:&quot;modern&quot;,&quot;showOnStart&quot;:false},&quot;Toolbar&quot;:{&quot;display&quot;:{&quot;right&quot;:[&quot;close&quot;]},&quot;enabled&quot;:true},&quot;Carousel&quot;:{&quot;Panzoom&quot;:{&quot;touch&quot;:false},&quot;infinite&quot;:false},&quot;keyboard&quot;:{&quot;Escape&quot;:&quot;close&quot;,&quot;Delete&quot;:&quot;close&quot;,&quot;Backspace&quot;:&quot;close&quot;,&quot;PageUp&quot;:false,&quot;PageDown&quot;:false,&quot;ArrowUp&quot;:false,&quot;ArrowDown&quot;:false,&quot;ArrowRight&quot;:false,&quot;ArrowLeft&quot;:false},&quot;touch&quot;:false,&quot;backdropClick&quot;:false,&quot;l10n&quot;:{&quot;CLOSE&quot;:&quot;Close&quot;,&quot;NEXT&quot;:&quot;Next&quot;,&quot;PREV&quot;:&quot;Previous&quot;,&quot;Error&quot;:&quot;The requested content cannot be loaded. Please try again later.&quot;,&quot;PLAY_START&quot;:&quot;Start slideshow&quot;,&quot;PLAY_STOP&quot;:&quot;Pause slideshow&quot;,&quot;FULL_SCREEN&quot;:&quot;Full screen&quot;,&quot;THUMBS&quot;:&quot;Thumbnails&quot;,&quot;DOWNLOAD&quot;:&quot;Download&quot;,&quot;SHARE&quot;:&quot;Share&quot;,&quot;ZOOM&quot;:&quot;Zoom&quot;,&quot;EMAIL&quot;:&quot;Here is the link to the image : %%image_link%% and this is the link to the gallery : %%gallery_link%%&quot;,&quot;MODAL&quot;:&quot;You can close this modal content with the ESC key&quot;,&quot;ERROR&quot;:&quot;Something Went Wrong, Please Try Again Later&quot;,&quot;IMAGE_ERROR&quot;:&quot;Image Not Found&quot;,&quot;ELEMENT_NOT_FOUND&quot;:&quot;HTML Element Not Found&quot;,&quot;AJAX_NOT_FOUND&quot;:&quot;Error Loading AJAX : Not Found&quot;,&quot;AJAX_FORBIDDEN&quot;:&quot;Error Loading AJAX : Forbidden&quot;,&quot;IFRAME_ERROR&quot;:&quot;Error Loading Page&quot;,&quot;TOGGLE_ZOOM&quot;:&quot;Toggle zoom level&quot;,&quot;TOGGLE_THUMBS&quot;:&quot;Toggle thumbnails&quot;,&quot;TOGGLE_SLIDESHOW&quot;:&quot;Toggle slideshow&quot;,&quot;TOGGLE_FULLSCREEN&quot;:&quot;Toggle full-screen mode&quot;},&quot;Images&quot;:{&quot;Panzoom&quot;:{&quot;maxScale&quot;:2}},&quot;mainClass&quot;:&quot;modula-fancybox-container modula-lightbox-jtg-2248&quot;,&quot;Html&quot;:{&quot;videoAutoplay&quot;:0,&quot;videoTpl&quot;:&quot;&lt;video class=\\&quot;fancybox__html5video\\&quot; controls muted playsinline controlsList controlsList=\\&quot;nodownload\\&quot; poster=\\&quot;{{poster}}\\&quot; src=\\&quot;{{src}}\\&quot; type=\\&quot;{{format}}\\&quot; &gt;  Sorry, your browser doesn&#039;t support embedded videos, &lt;a href=\\&quot;{{src}}\\&quot;&gt; download &lt;\\\/a&gt; and watch with your favorite video player! &lt;\\\/video&gt;&quot;}},&quot;inView&quot;:false,&quot;email_subject&quot;:&quot;Check out this awesome image !!&quot;,&quot;email_message&quot;:&quot;Here is the link to the image : %%image_link%% and this is the link to the gallery : %%gallery_link%%&quot;,&quot;grid_type&quot;:&quot;2&quot;,&quot;rowHeight&quot;:250,&quot;lastRow&quot;:&quot;justify&quot;,&quot;lightbox&quot;:&quot;fancybox&quot;}\">\n\n\t<div class=\"modula-grid-sizer\"> <\/div>\n\t<div  class=\"modula-items grid-gallery\">\n\t\t<div class=\"modula-item effect-pufrobo\" >\n\t<div class=\"modula-item-overlay\"><\/div>\n\n\t<div class=\"modula-item-content\">\n\n\t\t\t\t\n\t\t\t\t\t<a data-image-id=\"2249\" role=\"button\" tabindex=\"0\" rel=\"jtg-2248\" data-caption=\"\" aria-label=\"Open image in lightbox\" class=\"tile-inner modula-item-link\"><\/a>\n\t\t\n\t\t<img loading=\"lazy\" decoding=\"async\" class=\"pic wp-image-2249\"  data-valign=\"middle\" data-halign=\"center\" alt=\"\" data-full=\"https:\/\/mrporkfactory.com\/wp-content\/uploads\/2025\/09\/WhatsApp-Image-2025-08-14-at-6.55.16-PM.webp\" title=\"WhatsApp Image 2025-08-14 at 6.55.16 PM\" width=\"350\" height=\"350\" src=\"https:\/\/mrporkfactory.com\/wp-content\/uploads\/2025\/09\/WhatsApp-Image-2025-08-14-at-6.55.16-PM.webp\" data-src=\"https:\/\/mrporkfactory.com\/wp-content\/uploads\/2025\/09\/WhatsApp-Image-2025-08-14-at-6.55.16-PM.webp\" data-caption=\"\" srcset=\"https:\/\/mrporkfactory.com\/wp-content\/uploads\/2025\/09\/WhatsApp-Image-2025-08-14-at-6.55.16-PM-150x150.webp 150w, https:\/\/mrporkfactory.com\/wp-content\/uploads\/2025\/09\/WhatsApp-Image-2025-08-14-at-6.55.16-PM-300x300.webp 300w, https:\/\/mrporkfactory.com\/wp-content\/uploads\/2025\/09\/WhatsApp-Image-2025-08-14-at-6.55.16-PM-100x100.webp 100w\" sizes=\"auto, (max-width: 350px) 100vw, 350px\" \/>\n\t\t<div class=\"figc no-description\">\n\t\t\t<div class=\"figc-inner\">\n\t\t\t\t\t\t\t\t\t\t\t\t\t\t\t<\/div>\n\t\t<\/div>\n\n\t<\/div>\n\n<\/div><div class=\"modula-item effect-pufrobo\" >\n\t<div class=\"modula-item-overlay\"><\/div>\n\n\t<div class=\"modula-item-content\">\n\n\t\t\t\t\n\t\t\t\t\t<a data-image-id=\"2252\" role=\"button\" tabindex=\"0\" rel=\"jtg-2248\" data-caption=\"\" aria-label=\"Open image in lightbox\" class=\"tile-inner modula-item-link\"><\/a>\n\t\t\n\t\t<img loading=\"lazy\" decoding=\"async\" class=\"pic wp-image-2252\"  data-valign=\"middle\" data-halign=\"center\" alt=\"\" data-full=\"https:\/\/mrporkfactory.com\/wp-content\/uploads\/2025\/09\/WhatsApp-Image-2025-08-28-at-10.40.41-AM.webp\" title=\"WhatsApp Image 2025-08-28 at 10.40.41 AM\" width=\"350\" height=\"350\" src=\"https:\/\/mrporkfactory.com\/wp-content\/uploads\/2025\/09\/WhatsApp-Image-2025-08-28-at-10.40.41-AM.webp\" data-src=\"https:\/\/mrporkfactory.com\/wp-content\/uploads\/2025\/09\/WhatsApp-Image-2025-08-28-at-10.40.41-AM.webp\" data-caption=\"\" srcset=\"https:\/\/mrporkfactory.com\/wp-content\/uploads\/2025\/09\/WhatsApp-Image-2025-08-28-at-10.40.41-AM-150x150.webp 150w, https:\/\/mrporkfactory.com\/wp-content\/uploads\/2025\/09\/WhatsApp-Image-2025-08-28-at-10.40.41-AM-300x300.webp 300w, https:\/\/mrporkfactory.com\/wp-content\/uploads\/2025\/09\/WhatsApp-Image-2025-08-28-at-10.40.41-AM-100x100.webp 100w\" sizes=\"auto, (max-width: 350px) 100vw, 350px\" \/>\n\t\t<div class=\"figc no-description\">\n\t\t\t<div class=\"figc-inner\">\n\t\t\t\t\t\t\t\t\t\t\t\t\t\t\t<\/div>\n\t\t<\/div>\n\n\t<\/div>\n\n<\/div><div class=\"modula-item effect-pufrobo\" >\n\t<div class=\"modula-item-overlay\"><\/div>\n\n\t<div class=\"modula-item-content\">\n\n\t\t\t\t\n\t\t\t\t\t<a data-image-id=\"2250\" role=\"button\" tabindex=\"0\" rel=\"jtg-2248\" data-caption=\"\" aria-label=\"Open image in lightbox\" class=\"tile-inner modula-item-link\"><\/a>\n\t\t\n\t\t<img loading=\"lazy\" decoding=\"async\" class=\"pic wp-image-2250\"  data-valign=\"middle\" data-halign=\"center\" alt=\"\" data-full=\"https:\/\/mrporkfactory.com\/wp-content\/uploads\/2025\/09\/WhatsApp-Image-2025-08-28-at-3.06.07-PM.webp\" title=\"WhatsApp Image 2025-08-28 at 3.06.07 PM\" width=\"350\" height=\"350\" src=\"https:\/\/mrporkfactory.com\/wp-content\/uploads\/2025\/09\/WhatsApp-Image-2025-08-28-at-3.06.07-PM.webp\" data-src=\"https:\/\/mrporkfactory.com\/wp-content\/uploads\/2025\/09\/WhatsApp-Image-2025-08-28-at-3.06.07-PM.webp\" data-caption=\"\" srcset=\"https:\/\/mrporkfactory.com\/wp-content\/uploads\/2025\/09\/WhatsApp-Image-2025-08-28-at-3.06.07-PM-150x150.webp 150w, https:\/\/mrporkfactory.com\/wp-content\/uploads\/2025\/09\/WhatsApp-Image-2025-08-28-at-3.06.07-PM-300x300.webp 300w, https:\/\/mrporkfactory.com\/wp-content\/uploads\/2025\/09\/WhatsApp-Image-2025-08-28-at-3.06.07-PM-100x100.webp 100w\" sizes=\"auto, (max-width: 350px) 100vw, 350px\" \/>\n\t\t<div class=\"figc no-description\">\n\t\t\t<div class=\"figc-inner\">\n\t\t\t\t\t\t\t\t\t\t\t\t\t\t\t<\/div>\n\t\t<\/div>\n\n\t<\/div>\n\n<\/div><div class=\"modula-item effect-pufrobo\" >\n\t<div class=\"modula-item-overlay\"><\/div>\n\n\t<div class=\"modula-item-content\">\n\n\t\t\t\t\n\t\t\t\t\t<a data-image-id=\"2251\" role=\"button\" tabindex=\"0\" rel=\"jtg-2248\" data-caption=\"\" aria-label=\"Open image in lightbox\" class=\"tile-inner modula-item-link\"><\/a>\n\t\t\n\t\t<img loading=\"lazy\" decoding=\"async\" class=\"pic wp-image-2251\"  data-valign=\"middle\" data-halign=\"center\" alt=\"\" data-full=\"https:\/\/mrporkfactory.com\/wp-content\/uploads\/2025\/09\/WhatsApp-Image-2025-08-28-at-10.34.38-AM.webp\" title=\"WhatsApp Image 2025-08-28 at 10.34.38 AM\" width=\"350\" height=\"350\" src=\"https:\/\/mrporkfactory.com\/wp-content\/uploads\/2025\/09\/WhatsApp-Image-2025-08-28-at-10.34.38-AM.webp\" data-src=\"https:\/\/mrporkfactory.com\/wp-content\/uploads\/2025\/09\/WhatsApp-Image-2025-08-28-at-10.34.38-AM.webp\" data-caption=\"\" srcset=\"https:\/\/mrporkfactory.com\/wp-content\/uploads\/2025\/09\/WhatsApp-Image-2025-08-28-at-10.34.38-AM-150x150.webp 150w, https:\/\/mrporkfactory.com\/wp-content\/uploads\/2025\/09\/WhatsApp-Image-2025-08-28-at-10.34.38-AM-300x300.webp 300w, https:\/\/mrporkfactory.com\/wp-content\/uploads\/2025\/09\/WhatsApp-Image-2025-08-28-at-10.34.38-AM-100x100.webp 100w\" sizes=\"auto, (max-width: 350px) 100vw, 350px\" \/>\n\t\t<div class=\"figc no-description\">\n\t\t\t<div class=\"figc-inner\">\n\t\t\t\t\t\t\t\t\t\t\t\t\t\t\t<\/div>\n\t\t<\/div>\n\n\t<\/div>\n\n<\/div>\t\t\n\t<\/div>\n\n\t\n\t\n\t<script type=\"application\/ld+json\">\n\t{\n\t\t\"@context\": \"http:\/\/schema.org\",\n\t\t\"@type\"   : \"ImageGallery\",\n\t\t\"id\"      : \"https:\/\/mrporkfactory.com\/es\/the-factory\/\",\n\t\t\"url\"     : \"https:\/\/mrporkfactory.com\/es\/the-factory\/\"\n\t}\n\n\t<\/script>\n\n\t\n<\/div>\n\n<\/div><\/div><\/div>\n<\/div><\/div>","protected":false},"excerpt":{"rendered":"<p>Mr. Pork FactoryUSDA Approved, Nationwide Sausage Wholesaler At Mr. Pork Factory, quality, safety, and tradition come together to create sausages that stand out in flavor and excellence. As a USDA-approved facility, we adhere to the highest food safety and handling standards, ensuring every product meets strict regulatory requirements from start to finish. With decades of [&hellip;]<\/p>","protected":false},"author":1,"featured_media":0,"parent":0,"menu_order":0,"comment_status":"closed","ping_status":"closed","template":"","meta":{"footnotes":""},"class_list":["post-2244","page","type-page","status-publish","hentry"],"blocksy_meta":[],"jetpack_sharing_enabled":true,"_links":{"self":[{"href":"https:\/\/mrporkfactory.com\/es\/wp-json\/wp\/v2\/pages\/2244","targetHints":{"allow":["GET"]}}],"collection":[{"href":"https:\/\/mrporkfactory.com\/es\/wp-json\/wp\/v2\/pages"}],"about":[{"href":"https:\/\/mrporkfactory.com\/es\/wp-json\/wp\/v2\/types\/page"}],"author":[{"embeddable":true,"href":"https:\/\/mrporkfactory.com\/es\/wp-json\/wp\/v2\/users\/1"}],"replies":[{"embeddable":true,"href":"https:\/\/mrporkfactory.com\/es\/wp-json\/wp\/v2\/comments?post=2244"}],"version-history":[{"count":1,"href":"https:\/\/mrporkfactory.com\/es\/wp-json\/wp\/v2\/pages\/2244\/revisions"}],"predecessor-version":[{"id":2407,"href":"https:\/\/mrporkfactory.com\/es\/wp-json\/wp\/v2\/pages\/2244\/revisions\/2407"}],"wp:attachment":[{"href":"https:\/\/mrporkfactory.com\/es\/wp-json\/wp\/v2\/media?parent=2244"}],"curies":[{"name":"wp","href":"https:\/\/api.w.org\/{rel}","templated":true}]}}